{"id":1663,"date":"2020-10-19T10:12:00","date_gmt":"2020-10-19T10:12:00","guid":{"rendered":"https:\/\/foodstudio.eu\/fi\/kastmed\/"},"modified":"2023-11-09T10:19:23","modified_gmt":"2023-11-09T10:19:23","slug":"kastikkeet","status":"publish","type":"page","link":"https:\/\/foodstudio.eu\/fi\/kastikkeet\/","title":{"rendered":"Kastikkeet"},"content":{"rendered":"    <div id=\"single-featured-product-block-block_5f8d660e8162f\" class=\"single-featured-product-block dp_layout\">\n        <div class=\"container\">\n            <div class=\"row\">\n                <div class=\"col-lg-6 col-12 bg d-flex flex-column align-items-start justify-content-center\" style=\"background-image: url(https:\/\/foodstudio.eu\/fi\/wp-content\/uploads\/sites\/5\/2020\/10\/02.jpg);\">\n                    <div class=\"title\">\n                                                    <h2>NEROUS PIILEE YKSINKERTAISUUDESSA<\/h2>\n                                                                            <div class=\"block_stamps dp\">\n                                                                    <img src=\"https:\/\/foodstudio.eu\/fi\/wp-content\/uploads\/sites\/5\/2020\/12\/FS_ikoonid-natural.png\" alt=\"Stamp Icon\">\n                                                                    <img src=\"https:\/\/foodstudio.eu\/fi\/wp-content\/uploads\/sites\/5\/2020\/12\/FS_ikoonid-ready_made.png\" alt=\"Stamp Icon\">\n                                                                    <img src=\"https:\/\/foodstudio.eu\/fi\/wp-content\/uploads\/sites\/5\/2020\/12\/FS_ikoonid-gluten_lactose_free.png\" alt=\"Stamp Icon\">\n                                                            <\/div>\n                                            <\/div>\n                                            <img class=\"featured_block_elem\" src=\"https:\/\/foodstudio.eu\/fi\/wp-content\/uploads\/sites\/5\/2020\/10\/shutterstock_585424613_yrt.png\" alt=\"Featured Block Element\">\n                                    <\/div>\n                                                        <div class=\"featured_product_img\">\n                        <div class=\"fade-in\">\n                            <img src=\"https:\/\/foodstudio.eu\/fi\/wp-content\/uploads\/sites\/5\/2020\/10\/0012_FS_kaste_230ml_Bechamel_FI.png\" alt=\"Featured Product Img\">\n                            <div class=\"awards\">\n                                                                    <img class=\"award\" src=\"https:\/\/foodstudio.eu\/fi\/wp-content\/uploads\/sites\/5\/2021\/04\/The-People-s-Choice-Award-2020.png\">\n                                                                    <img class=\"award\" src=\"https:\/\/foodstudio.eu\/fi\/wp-content\/uploads\/sites\/5\/2021\/04\/Best-Artisanal-Food-Producer-2020.png\">\n                                                            <\/div>\n                        <\/div>\n                    <\/div>\n                                                    <div class=\"fs_icon\">\n                        <img src=\"https:\/\/foodstudio.eu\/fi\/wp-content\/themes\/Tooted\/img\/icons\/FS_logo_icon_big.svg\" alt=\"FS Icon\">\n                    <\/div>\n                                <div class=\"col-lg-6 col-12 d-flex flex-column align-items-start justify-content-center\">\n                                            <div class=\"block_text\">\n                            <p>Hyv\u00e4 kastike tekee ruoan paremmaksi mutta sen valmistaminen vaatii vaivann\u00e4k\u00f6\u00e4 ja aikaa. Perunan keitt\u00e4minen on paljon helpompaa. Meid\u00e4n kastikkeemme ovat sinua varten valmiiksi keitettyj\u00e4, ei muuta kuin pannulle ja lisukkeet per\u00e4\u00e4n ja sy\u00f6m\u00e4\u00e4n.<\/p>\n<p><strong>Kastikkeiden pohjana k\u00e4yt\u00e4mme itse pitk\u00e4\u00e4n keitt\u00e4mi\u00e4mme liemi\u00e4, lopputuloksena on aito ja rehellinen kastike ilman lis\u00e4aineita, niinkuin pit\u00e4\u00e4kin!<\/strong><\/p>\n<p>&nbsp;<\/p>\n                        <\/div>\n                                    <\/div>\n            <\/div>\n        <\/div>\n    <\/div>\n    <div id=\"single-featured-product-block-block_5f8d660e8162f\" class=\"single-featured-product-block mob_layout\">\n        <div class=\"container\">\n            <div class=\"row first_height\">\n                <div class=\"col-lg-6 col-12 bg d-flex flex-column align-items-center\" style=\"background-image: url(https:\/\/foodstudio.eu\/fi\/wp-content\/uploads\/sites\/5\/2020\/10\/02.jpg);\">\n                    <div class=\"title\">\n                                                    <h2>NEROUS PIILEE YKSINKERTAISUUDESSA<\/h2>\n                                            <\/div>\n                                            <img class=\"featured_block_elem\" src=\"https:\/\/foodstudio.eu\/fi\/wp-content\/uploads\/sites\/5\/2020\/11\/shuttexrstock_585424613_yrt-copy.png\" alt=\"Featured Block Element\">\n                                                                                        <div class=\"featured_product_img\">\n                            <div class=\"fade-in\">\n                                <img src=\"https:\/\/foodstudio.eu\/fi\/wp-content\/uploads\/sites\/5\/2020\/10\/0012_FS_kaste_230ml_Bechamel_FI.png\" alt=\"Featured Product Img\">\n                                <div class=\"awards d-flex flex-column\">\n                                                                            <img class=\"award\" src=\"https:\/\/foodstudio.eu\/fi\/wp-content\/uploads\/sites\/5\/2021\/04\/The-People-s-Choice-Award-2020.png\">\n                                                                            <img class=\"award\" src=\"https:\/\/foodstudio.eu\/fi\/wp-content\/uploads\/sites\/5\/2021\/04\/Best-Artisanal-Food-Producer-2020.png\">\n                                                                    <\/div>\n                            <\/div>\n                        <\/div>\n                                    <\/div>\n                                    <div class=\"block_stamps d-flex align-items-end justify-content-center\">\n                                                    <img src=\"https:\/\/foodstudio.eu\/fi\/wp-content\/uploads\/sites\/5\/2020\/12\/FS_ikoonid-natural.png\" alt=\"Stamp Icon\">\n                                                    <img src=\"https:\/\/foodstudio.eu\/fi\/wp-content\/uploads\/sites\/5\/2020\/12\/FS_ikoonid-ready_made.png\" alt=\"Stamp Icon\">\n                                                    <img src=\"https:\/\/foodstudio.eu\/fi\/wp-content\/uploads\/sites\/5\/2020\/12\/FS_ikoonid-gluten_lactose_free.png\" alt=\"Stamp Icon\">\n                                            <\/div>\n                            <\/div>\n            <div class=\"row\">\n                <div class=\"col-12 d-flex flex-column align-items-start justify-content-center\">\n                                            <div class=\"block_text\">\n                            <p>Hyv\u00e4 kastike tekee ruoan paremmaksi mutta sen valmistaminen vaatii vaivann\u00e4k\u00f6\u00e4 ja aikaa. Perunan keitt\u00e4minen on paljon helpompaa. Meid\u00e4n kastikkeemme ovat sinua varten valmiiksi keitettyj\u00e4, ei muuta kuin pannulle ja lisukkeet per\u00e4\u00e4n ja sy\u00f6m\u00e4\u00e4n.<\/p>\n<p><strong>Kastikkeiden pohjana k\u00e4yt\u00e4mme itse pitk\u00e4\u00e4n keitt\u00e4mi\u00e4mme liemi\u00e4, lopputuloksena on aito ja rehellinen kastike ilman lis\u00e4aineita, niinkuin pit\u00e4\u00e4kin!<\/strong><\/p>\n<p>&nbsp;<\/p>\n                        <\/div>\n                                    <\/div>\n            <\/div>\n                            <div class=\"fs_icon\">\n                    <img src=\"https:\/\/foodstudio.eu\/fi\/wp-content\/themes\/Tooted\/img\/icons\/FS_logo_icon_big.svg\" alt=\"FS Icon\">\n                <\/div>\n                    <\/div>\n    <\/div>\n\n\n    <div id=\"product-links-block-block_5f8d666781633\" class=\"product-links-block\">\n        <div class=\"container  bordered\">\n            <div class=\"row\">\n                <div class=\"title col-12 d-flex flex-column align-items-center\">\n                                            <h2 class=\"add-margin\">KASTIKKEET<\/h2>\n                                                        <\/div>\n            <\/div>\n            <div class=\"products row d-flex justify-content-center\">\n                                                        <div class=\"product d-flex flex-column align-items-center justify-content-start\">\n                        <a href=\"https:\/\/foodstudio.eu\/fi\/product_category\/kastikkeet\/#bechamel-kermakastike\" class=\"img-hover\">\n                            <div class=\"image\">\n                                <div class=\"image-wrapper\">\n                                    <img src=\"https:\/\/foodstudio.eu\/fi\/wp-content\/uploads\/sites\/5\/2020\/10\/0012_FS_kaste_230ml_Bechamel_FI.png\">\n                                                                    <\/div>\n                            <\/div>\n                        <\/a>\n                        <p><strong>Bechamel kermakastike<\/strong><\/p>\n                    <\/div>\n                                                        <div class=\"product d-flex flex-column align-items-center justify-content-start\">\n                        <a href=\"https:\/\/foodstudio.eu\/fi\/product_category\/kastikkeet\/#kermainen-sitruunakastike\" class=\"img-hover\">\n                            <div class=\"image\">\n                                <div class=\"image-wrapper\">\n                                    <img src=\"https:\/\/foodstudio.eu\/fi\/wp-content\/uploads\/sites\/5\/2020\/10\/0008_FS_kaste_230ml_Sidruni_FI.png\">\n                                                                    <\/div>\n                            <\/div>\n                        <\/a>\n                        <p><strong>Kermainen sitruunakastike<\/strong><\/p>\n                    <\/div>\n                                                        <div class=\"product d-flex flex-column align-items-center justify-content-start\">\n                        <a href=\"https:\/\/foodstudio.eu\/fi\/product_category\/kastikkeet\/#kermainen-pippurikastike\" class=\"img-hover\">\n                            <div class=\"image\">\n                                <div class=\"image-wrapper\">\n                                    <img src=\"https:\/\/foodstudio.eu\/fi\/wp-content\/uploads\/sites\/5\/2020\/10\/0009_FS_kaste_230ml_Pipra_FI.png\">\n                                                                    <\/div>\n                            <\/div>\n                        <\/a>\n                        <p><strong>Kermainen pippurikastike<\/strong><\/p>\n                    <\/div>\n                                                        <div class=\"product d-flex flex-column align-items-center justify-content-start\">\n                        <a href=\"https:\/\/foodstudio.eu\/fi\/product_category\/kastikkeet\/#kookos-curry-kastike\" class=\"img-hover\">\n                            <div class=\"image\">\n                                <div class=\"image-wrapper\">\n                                    <img src=\"https:\/\/foodstudio.eu\/fi\/wp-content\/uploads\/sites\/5\/2020\/10\/0006_FS_kaste_230ml_KookosKarri_FI.png\">\n                                                                    <\/div>\n                            <\/div>\n                        <\/a>\n                        <p><strong>Kookos-curry kastike<\/strong><\/p>\n                    <\/div>\n                                                        <div class=\"product d-flex flex-column align-items-center justify-content-start\">\n                        <a href=\"https:\/\/foodstudio.eu\/fi\/product_category\/kastikkeet\/#punaviinikastike\" class=\"img-hover\">\n                            <div class=\"image\">\n                                <div class=\"image-wrapper\">\n                                    <img src=\"https:\/\/foodstudio.eu\/fi\/wp-content\/uploads\/sites\/5\/2020\/10\/0007_FS_kaste_230ml_Punavein_FI.png\">\n                                                                    <\/div>\n                            <\/div>\n                        <\/a>\n                        <p><strong>Punaviinikastike<\/strong><\/p>\n                    <\/div>\n                                                        <div class=\"product d-flex flex-column align-items-center justify-content-start\">\n                        <a href=\"https:\/\/foodstudio.eu\/fi\/product_category\/kastikkeet\/#kermainen-kantarellikastike\" class=\"img-hover\">\n                            <div class=\"image\">\n                                <div class=\"image-wrapper\">\n                                    <img src=\"https:\/\/foodstudio.eu\/fi\/wp-content\/uploads\/sites\/5\/2020\/10\/0010_FS_kaste_230ml_Kukeseene_FI.png\">\n                                                                    <\/div>\n                            <\/div>\n                        <\/a>\n                        <p><strong>Kermainen kantarellikastike<\/strong><\/p>\n                    <\/div>\n                                                        <div class=\"product d-flex flex-column align-items-center justify-content-start\">\n                        <a href=\"https:\/\/foodstudio.eu\/fi\/product_category\/kastikkeet\/#demi-glace-kastikepohja\" class=\"img-hover\">\n                            <div class=\"image\">\n                                <div class=\"image-wrapper\">\n                                    <img src=\"https:\/\/foodstudio.eu\/fi\/wp-content\/uploads\/sites\/5\/2020\/12\/0011_FS_kaste_230ml_DemiGlace_FI.png\">\n                                                                    <\/div>\n                            <\/div>\n                        <\/a>\n                        <p><strong>Demi-Glace kastikepohja<\/strong><\/p>\n                    <\/div>\n                                                        <div class=\"product d-flex flex-column align-items-center justify-content-start\">\n                        <a href=\"https:\/\/foodstudio.eu\/fi\/product_category\/kastikkeet\/#juustokastike\" class=\"img-hover\">\n                            <div class=\"image\">\n                                <div class=\"image-wrapper\">\n                                    <img src=\"https:\/\/foodstudio.eu\/fi\/wp-content\/uploads\/sites\/5\/2023\/01\/FoodStudio_PULJONG_350g_FI_Ramen-1-3.png\">\n                                                                            <img loading=\"lazy\" class=\"left_stamp\" src=\"https:\/\/foodstudio.eu\/fi\/wp-content\/uploads\/sites\/5\/2023\/01\/Frame.svg\" alt=\"Frame\" width=\"85\" height=\"85\">\n                                                                    <\/div>\n                            <\/div>\n                        <\/a>\n                        <p><strong>Juustokastike<\/strong><\/p>\n                    <\/div>\n                                                        <div class=\"product d-flex flex-column align-items-center justify-content-start\">\n                        <a href=\"https:\/\/foodstudio.eu\/fi\/product_category\/kastikkeet\/#juhlakastike\" class=\"img-hover\">\n                            <div class=\"image\">\n                                <div class=\"image-wrapper\">\n                                    <img src=\"https:\/\/foodstudio.eu\/fi\/wp-content\/uploads\/sites\/5\/2023\/11\/FoodStudio_2023_mockup_KASTE_VANAKUJUNDUS_230g_otsevaade_juhlakastike_FIN_SWE-web.png\">\n                                                                            <img loading=\"lazy\" class=\"left_stamp\" src=\"https:\/\/foodstudio.eu\/fi\/wp-content\/uploads\/sites\/5\/2023\/01\/Frame.svg\" alt=\"Frame\" width=\"85\" height=\"85\">\n                                                                    <\/div>\n                            <\/div>\n                        <\/a>\n                        <p><strong>Juhlakastike<\/strong><\/p>\n                    <\/div>\n                 \n            <\/div>\n        <\/div>\n    <\/div>\n\n\n    <div id=\"product-links-block-block_62a1d48fdbf0d\" class=\"product-links-block\">\n        <div class=\"container  bordered\">\n            <div class=\"row\">\n                <div class=\"title col-12 d-flex flex-column align-items-center\">\n                                            <h2 >VEGAANISET KASTIKKEET<\/h2>\n                                                                <p>230 ml<\/p>\n                                    <\/div>\n            <\/div>\n            <div class=\"products row d-flex justify-content-center\">\n                                                        <div class=\"product d-flex flex-column align-items-center justify-content-start\">\n                        <a href=\"https:\/\/foodstudio.eu\/fi\/product_category\/kastikkeet\/#taytelainen-tomaattikastike\" class=\"img-hover\">\n                            <div class=\"image\">\n                                <div class=\"image-wrapper\">\n                                    <img src=\"https:\/\/foodstudio.eu\/fi\/wp-content\/uploads\/sites\/5\/2023\/01\/FoodStudio_PULJONG_350g_FI_Ramen-1-2.png\">\n                                                                    <\/div>\n                            <\/div>\n                        <\/a>\n                        <p><strong>T\u00e4ytel\u00e4inen Tomaattikastike<\/strong><\/p>\n                    <\/div>\n                                                        <div class=\"product d-flex flex-column align-items-center justify-content-start\">\n                        <a href=\"https:\/\/foodstudio.eu\/fi\/product_category\/kastikkeet\/#kermainen-vegaani-bechamel\" class=\"img-hover\">\n                            <div class=\"image\">\n                                <div class=\"image-wrapper\">\n                                    <img src=\"https:\/\/foodstudio.eu\/fi\/wp-content\/uploads\/sites\/5\/2022\/06\/FoodStudio_VEGAN_KASTE_230g_FI_80x100mm_PRAEKASTE_BECHAMEL-min.png\">\n                                                                    <\/div>\n                            <\/div>\n                        <\/a>\n                        <p><strong>Kermainen vegaani bechamel<\/strong><\/p>\n                    <\/div>\n                                                        <div class=\"product d-flex flex-column align-items-center justify-content-start\">\n                        <a href=\"https:\/\/foodstudio.eu\/fi\/product_category\/kastikkeet\/#ruskea-kastike\" class=\"img-hover\">\n                            <div class=\"image\">\n                                <div class=\"image-wrapper\">\n                                    <img src=\"https:\/\/foodstudio.eu\/fi\/wp-content\/uploads\/sites\/5\/2022\/06\/FoodStudio_VEGAN_KASTE_230g_FI_80x100mm_PRUUN_PRAEKASTE-min.png\">\n                                                                    <\/div>\n                            <\/div>\n                        <\/a>\n                        <p><strong>Ruskea kastike<\/strong><\/p>\n                    <\/div>\n                 \n            <\/div>\n        <\/div>\n    <\/div>\n\n\n    <div id=\"product-links-block-block_5f8d6771c7421\" class=\"product-links-block\">\n        <div class=\"container \">\n            <div class=\"row\">\n                <div class=\"title col-12 d-flex flex-column align-items-center\">\n                                            <h2 >SALAATTIKASTIKKEET<\/h2>\n                                                                <p>200 ml<\/p>\n                                    <\/div>\n            <\/div>\n            <div class=\"products row d-flex justify-content-center\">\n                                                        <div class=\"product d-flex flex-column align-items-center justify-content-start\">\n                        <a href=\"https:\/\/foodstudio.eu\/fi\/product_category\/kastikkeet\/#chimichurri-salaattikastike\" class=\"img-hover\">\n                            <div class=\"image\">\n                                <div class=\"image-wrapper\">\n                                    <img src=\"https:\/\/foodstudio.eu\/fi\/wp-content\/uploads\/sites\/5\/2020\/10\/CHIMMY-Copy-Copy.png\">\n                                                                    <\/div>\n                            <\/div>\n                        <\/a>\n                        <p><strong>Chimichurri salaattikastike<\/strong><\/p>\n                    <\/div>\n                                                        <div class=\"product d-flex flex-column align-items-center justify-content-start\">\n                        <a href=\"https:\/\/foodstudio.eu\/fi\/product_category\/kastikkeet\/#herby-basilika-salaattikastike\" class=\"img-hover\">\n                            <div class=\"image\">\n                                <div class=\"image-wrapper\">\n                                    <img src=\"https:\/\/foodstudio.eu\/fi\/wp-content\/uploads\/sites\/5\/2020\/10\/HERBY-Copy.png\">\n                                                                    <\/div>\n                            <\/div>\n                        <\/a>\n                        <p><strong>Herby salaattikastike<\/strong><\/p>\n                    <\/div>\n                 \n            <\/div>\n        <\/div>\n    <\/div>\n","protected":false},"excerpt":{"rendered":"","protected":false},"author":1,"featured_media":0,"parent":0,"menu_order":0,"comment_status":"closed","ping_status":"closed","template":"page-templates\/template-products.php","meta":{"advgb_blocks_editor_width":"","advgb_blocks_columns_visual_guide":""},"acf":[],"yoast_head":"<!-- This site is optimized with the Yoast SEO plugin v18.4.1 - https:\/\/yoast.com\/wordpress\/plugins\/seo\/ -->\n<title>Kastikkeet - FoodStudio Finland<\/title>\n<meta name=\"robots\" content=\"index, follow, max-snippet:-1, max-image-preview:large, max-video-preview:-1\" \/>\n<link rel=\"canonical\" href=\"https:\/\/foodstudio.eu\/fi\/kastikkeet\/\" \/>\n<meta property=\"og:locale\" content=\"fi_FI\" \/>\n<meta property=\"og:type\" content=\"article\" \/>\n<meta property=\"og:title\" content=\"Kastikkeet - FoodStudio Finland\" \/>\n<meta property=\"og:url\" content=\"https:\/\/foodstudio.eu\/fi\/kastikkeet\/\" \/>\n<meta property=\"og:site_name\" content=\"FoodStudio Finland\" \/>\n<meta property=\"article:modified_time\" content=\"2023-11-09T10:19:23+00:00\" \/>\n<meta name=\"twitter:card\" content=\"summary_large_image\" \/>\n<script type=\"application\/ld+json\" class=\"yoast-schema-graph\">{\"@context\":\"https:\/\/schema.org\",\"@graph\":[{\"@type\":\"WebSite\",\"@id\":\"https:\/\/foodstudio.eu\/fi\/#website\",\"url\":\"https:\/\/foodstudio.eu\/fi\/\",\"name\":\"FoodStudio Finland\",\"description\":\"\",\"potentialAction\":[{\"@type\":\"SearchAction\",\"target\":{\"@type\":\"EntryPoint\",\"urlTemplate\":\"https:\/\/foodstudio.eu\/fi\/?s={search_term_string}\"},\"query-input\":\"required name=search_term_string\"}],\"inLanguage\":\"fi\"},{\"@type\":\"WebPage\",\"@id\":\"https:\/\/foodstudio.eu\/fi\/kastikkeet\/#webpage\",\"url\":\"https:\/\/foodstudio.eu\/fi\/kastikkeet\/\",\"name\":\"Kastikkeet - FoodStudio Finland\",\"isPartOf\":{\"@id\":\"https:\/\/foodstudio.eu\/fi\/#website\"},\"datePublished\":\"2020-10-19T10:12:00+00:00\",\"dateModified\":\"2023-11-09T10:19:23+00:00\",\"breadcrumb\":{\"@id\":\"https:\/\/foodstudio.eu\/fi\/kastikkeet\/#breadcrumb\"},\"inLanguage\":\"fi\",\"potentialAction\":[{\"@type\":\"ReadAction\",\"target\":[\"https:\/\/foodstudio.eu\/fi\/kastikkeet\/\"]}]},{\"@type\":\"BreadcrumbList\",\"@id\":\"https:\/\/foodstudio.eu\/fi\/kastikkeet\/#breadcrumb\",\"itemListElement\":[{\"@type\":\"ListItem\",\"position\":1,\"name\":\"Home\",\"item\":\"https:\/\/foodstudio.eu\/fi\/\"},{\"@type\":\"ListItem\",\"position\":2,\"name\":\"Kastikkeet\"}]}]}<\/script>\n<!-- \/ Yoast SEO plugin. -->","yoast_head_json":{"title":"Kastikkeet - FoodStudio Finland","robots":{"index":"index","follow":"follow","max-snippet":"max-snippet:-1","max-image-preview":"max-image-preview:large","max-video-preview":"max-video-preview:-1"},"canonical":"https:\/\/foodstudio.eu\/fi\/kastikkeet\/","og_locale":"fi_FI","og_type":"article","og_title":"Kastikkeet - FoodStudio Finland","og_url":"https:\/\/foodstudio.eu\/fi\/kastikkeet\/","og_site_name":"FoodStudio Finland","article_modified_time":"2023-11-09T10:19:23+00:00","twitter_card":"summary_large_image","schema":{"@context":"https:\/\/schema.org","@graph":[{"@type":"WebSite","@id":"https:\/\/foodstudio.eu\/fi\/#website","url":"https:\/\/foodstudio.eu\/fi\/","name":"FoodStudio Finland","description":"","potentialAction":[{"@type":"SearchAction","target":{"@type":"EntryPoint","urlTemplate":"https:\/\/foodstudio.eu\/fi\/?s={search_term_string}"},"query-input":"required name=search_term_string"}],"inLanguage":"fi"},{"@type":"WebPage","@id":"https:\/\/foodstudio.eu\/fi\/kastikkeet\/#webpage","url":"https:\/\/foodstudio.eu\/fi\/kastikkeet\/","name":"Kastikkeet - FoodStudio Finland","isPartOf":{"@id":"https:\/\/foodstudio.eu\/fi\/#website"},"datePublished":"2020-10-19T10:12:00+00:00","dateModified":"2023-11-09T10:19:23+00:00","breadcrumb":{"@id":"https:\/\/foodstudio.eu\/fi\/kastikkeet\/#breadcrumb"},"inLanguage":"fi","potentialAction":[{"@type":"ReadAction","target":["https:\/\/foodstudio.eu\/fi\/kastikkeet\/"]}]},{"@type":"BreadcrumbList","@id":"https:\/\/foodstudio.eu\/fi\/kastikkeet\/#breadcrumb","itemListElement":[{"@type":"ListItem","position":1,"name":"Home","item":"https:\/\/foodstudio.eu\/fi\/"},{"@type":"ListItem","position":2,"name":"Kastikkeet"}]}]}},"coauthors":[],"author_meta":{"author_link":"https:\/\/foodstudio.eu\/fi\/author\/reaktiiv-fo\/","display_name":"reaktiiv-fo"},"relative_dates":{"created":"Posted 6 vuotta ago","modified":"Updated 2 vuotta ago"},"absolute_dates":{"created":"Posted on 19 lokakuun, 2020","modified":"Updated on 9 marraskuun, 2023"},"absolute_dates_time":{"created":"Posted on 19 lokakuun, 2020 10:12 am","modified":"Updated on 9 marraskuun, 2023 10:19 am"},"featured_img_caption":"","featured_img":false,"uagb_featured_image_src":{"full":false,"thumbnail":false,"medium":false,"medium_large":false,"large":false,"1536x1536":false,"2048x2048":false,"small":false,"custom-size":false,"recipes-small":false,"recipes-big":false},"uagb_author_info":{"display_name":"reaktiiv-fo","author_link":"https:\/\/foodstudio.eu\/fi\/author\/reaktiiv-fo\/"},"uagb_comment_info":0,"uagb_excerpt":null,"_links":{"self":[{"href":"https:\/\/foodstudio.eu\/fi\/wp-json\/wp\/v2\/pages\/1663"}],"collection":[{"href":"https:\/\/foodstudio.eu\/fi\/wp-json\/wp\/v2\/pages"}],"about":[{"href":"https:\/\/foodstudio.eu\/fi\/wp-json\/wp\/v2\/types\/page"}],"author":[{"embeddable":true,"href":"https:\/\/foodstudio.eu\/fi\/wp-json\/wp\/v2\/users\/1"}],"replies":[{"embeddable":true,"href":"https:\/\/foodstudio.eu\/fi\/wp-json\/wp\/v2\/comments?post=1663"}],"version-history":[{"count":32,"href":"https:\/\/foodstudio.eu\/fi\/wp-json\/wp\/v2\/pages\/1663\/revisions"}],"predecessor-version":[{"id":2628,"href":"https:\/\/foodstudio.eu\/fi\/wp-json\/wp\/v2\/pages\/1663\/revisions\/2628"}],"wp:attachment":[{"href":"https:\/\/foodstudio.eu\/fi\/wp-json\/wp\/v2\/media?parent=1663"}],"curies":[{"name":"wp","href":"https:\/\/api.w.org\/{rel}","templated":true}]}}