{"id":1664,"date":"2020-10-19T08:49:44","date_gmt":"2020-10-19T08:49:44","guid":{"rendered":"https:\/\/foodstudio.eu\/fi\/puljongid\/"},"modified":"2023-01-10T12:36:14","modified_gmt":"2023-01-10T12:36:14","slug":"liemet","status":"publish","type":"page","link":"https:\/\/foodstudio.eu\/fi\/liemet\/","title":{"rendered":"Liemet"},"content":{"rendered":"    <div id=\"single-featured-product-block-block_5f8d5aa9e3f06\" class=\"single-featured-product-block dp_layout\">\n        <div class=\"container\">\n            <div class=\"row\">\n                <div class=\"col-lg-6 col-12 bg d-flex flex-column align-items-start justify-content-center\" style=\"background-image: url(https:\/\/foodstudio.eu\/fi\/wp-content\/uploads\/sites\/5\/2020\/10\/02.jpg);\">\n                    <div class=\"title\">\n                                                    <h1>LIEMI ON KEITON T\u00c4RKEIN OSA<\/h1>\n                                                                            <div class=\"block_stamps dp\">\n                                                                    <img src=\"https:\/\/foodstudio.eu\/fi\/wp-content\/uploads\/sites\/5\/2020\/12\/FS_ikoonid-natural.png\" alt=\"Stamp Icon\">\n                                                                    <img src=\"https:\/\/foodstudio.eu\/fi\/wp-content\/uploads\/sites\/5\/2020\/12\/FS_ikoonid-ready_made.png\" alt=\"Stamp Icon\">\n                                                                    <img src=\"https:\/\/foodstudio.eu\/fi\/wp-content\/uploads\/sites\/5\/2020\/12\/FS_ikoonid-gluten_lactose_free.png\" alt=\"Stamp Icon\">\n                                                            <\/div>\n                                            <\/div>\n                                            <img class=\"featured_block_elem\" src=\"https:\/\/foodstudio.eu\/fi\/wp-content\/uploads\/sites\/5\/2020\/10\/shutterstock_585424613_yrt.png\" alt=\"Featured Block Element\">\n                                    <\/div>\n                                                        <div class=\"featured_product_img\">\n                        <div class=\"fade-in\">\n                            <img src=\"https:\/\/foodstudio.eu\/fi\/wp-content\/uploads\/sites\/5\/2020\/10\/0002_FS_puljong_350ml_Kana_FI.png\" alt=\"Featured Product Img\">\n                            <div class=\"awards\">\n                                                                    <img class=\"award\" src=\"https:\/\/foodstudio.eu\/fi\/wp-content\/uploads\/sites\/5\/2021\/04\/The_peoples_choice_2017.svg\">\n                                                            <\/div>\n                        <\/div>\n                    <\/div>\n                                                    <div class=\"fs_icon\">\n                        <img src=\"https:\/\/foodstudio.eu\/fi\/wp-content\/themes\/Tooted\/img\/icons\/FS_logo_icon_big.svg\" alt=\"FS Icon\">\n                    <\/div>\n                                <div class=\"col-lg-6 col-12 d-flex flex-column align-items-start justify-content-center\">\n                                            <div class=\"block_text\">\n                            <p>Hyv\u00e4n liemen keitto on aikaa viev\u00e4\u00e4 puuhaa, mahtaakohan sinulla olla 12 tuntia ylim\u00e4\u00e4r\u00e4ist\u00e4 aikaa? Ilmeisesti ei ole joten me olemme tehneet ty\u00f6n puolestasi. Sinun tarvitsee vain l\u00e4mmitt\u00e4\u00e4liemi kattilassa, lis\u00e4t\u00e4 lisukkeet oman makusi mukaan ja ruoka on valmista. Edes vett\u00e4 ei tarvitse lis\u00e4t\u00e4.<\/p>\n                        <\/div>\n                                    <\/div>\n            <\/div>\n        <\/div>\n    <\/div>\n    <div id=\"single-featured-product-block-block_5f8d5aa9e3f06\" class=\"single-featured-product-block mob_layout\">\n        <div class=\"container\">\n            <div class=\"row first_height\">\n                <div class=\"col-lg-6 col-12 bg d-flex flex-column align-items-center\" style=\"background-image: url(https:\/\/foodstudio.eu\/fi\/wp-content\/uploads\/sites\/5\/2020\/10\/02.jpg);\">\n                    <div class=\"title\">\n                                                    <h1>LIEMI ON KEITON T\u00c4RKEIN OSA<\/h1>\n                                            <\/div>\n                                            <img class=\"featured_block_elem\" src=\"https:\/\/foodstudio.eu\/fi\/wp-content\/uploads\/sites\/5\/2020\/11\/shuttexrstock_585424613_yrt-copy.png\" alt=\"Featured Block Element\">\n                                                                                        <div class=\"featured_product_img\">\n                            <div class=\"fade-in\">\n                                <img src=\"https:\/\/foodstudio.eu\/fi\/wp-content\/uploads\/sites\/5\/2020\/10\/0002_FS_puljong_350ml_Kana_FI.png\" alt=\"Featured Product Img\">\n                                <div class=\"awards d-flex flex-column\">\n                                                                            <img class=\"award\" src=\"https:\/\/foodstudio.eu\/fi\/wp-content\/uploads\/sites\/5\/2021\/04\/The_peoples_choice_2017.svg\">\n                                                                    <\/div>\n                            <\/div>\n                        <\/div>\n                                    <\/div>\n                                    <div class=\"block_stamps d-flex align-items-end justify-content-center\">\n                                                    <img src=\"https:\/\/foodstudio.eu\/fi\/wp-content\/uploads\/sites\/5\/2020\/12\/FS_ikoonid-natural.png\" alt=\"Stamp Icon\">\n                                                    <img src=\"https:\/\/foodstudio.eu\/fi\/wp-content\/uploads\/sites\/5\/2020\/12\/FS_ikoonid-ready_made.png\" alt=\"Stamp Icon\">\n                                                    <img src=\"https:\/\/foodstudio.eu\/fi\/wp-content\/uploads\/sites\/5\/2020\/12\/FS_ikoonid-gluten_lactose_free.png\" alt=\"Stamp Icon\">\n                                            <\/div>\n                            <\/div>\n            <div class=\"row\">\n                <div class=\"col-12 d-flex flex-column align-items-start justify-content-center\">\n                                            <div class=\"block_text\">\n                            <p>Hyv\u00e4n liemen keitto on aikaa viev\u00e4\u00e4 puuhaa, mahtaakohan sinulla olla 12 tuntia ylim\u00e4\u00e4r\u00e4ist\u00e4 aikaa? Ilmeisesti ei ole joten me olemme tehneet ty\u00f6n puolestasi. Sinun tarvitsee vain l\u00e4mmitt\u00e4\u00e4liemi kattilassa, lis\u00e4t\u00e4 lisukkeet oman makusi mukaan ja ruoka on valmista. Edes vett\u00e4 ei tarvitse lis\u00e4t\u00e4.<\/p>\n                        <\/div>\n                                    <\/div>\n            <\/div>\n                            <div class=\"fs_icon\">\n                    <img src=\"https:\/\/foodstudio.eu\/fi\/wp-content\/themes\/Tooted\/img\/icons\/FS_logo_icon_big.svg\" alt=\"FS Icon\">\n                <\/div>\n                    <\/div>\n    <\/div>\n\n\n    <div id=\"product-links-block-block_5f8d609ee4588\" class=\"product-links-block\">\n        <div class=\"container  bordered\">\n            <div class=\"row\">\n                <div class=\"title col-12 d-flex flex-column align-items-center\">\n                                            <h2 >LIEMET<\/h2>\n                                                                <p>350ml \/ 750ml \/ 2L<\/p>\n                                    <\/div>\n            <\/div>\n            <div class=\"products row d-flex justify-content-center\">\n                                                        <div class=\"product d-flex flex-column align-items-center justify-content-start\">\n                        <a href=\"https:\/\/foodstudio.eu\/fi\/product_category\/liemet\/#kanaliemi\" class=\"img-hover\">\n                            <div class=\"image\">\n                                <div class=\"image-wrapper\">\n                                    <img src=\"https:\/\/foodstudio.eu\/fi\/wp-content\/uploads\/sites\/5\/2020\/10\/0002_FS_puljong_350ml_Kana_FI.png\">\n                                                                    <\/div>\n                            <\/div>\n                        <\/a>\n                        <p><strong>Kanaliemi<\/strong><\/p>\n                    <\/div>\n                                                        <div class=\"product d-flex flex-column align-items-center justify-content-start\">\n                        <a href=\"https:\/\/foodstudio.eu\/fi\/product_category\/liemet\/#lihaliemi\" class=\"img-hover\">\n                            <div class=\"image\">\n                                <div class=\"image-wrapper\">\n                                    <img src=\"https:\/\/foodstudio.eu\/fi\/wp-content\/uploads\/sites\/5\/2020\/10\/0000_FS_puljong_350ml_Veise_FI.png\">\n                                                                    <\/div>\n                            <\/div>\n                        <\/a>\n                        <p><strong>Lihaliemi<\/strong><\/p>\n                    <\/div>\n                                                        <div class=\"product d-flex flex-column align-items-center justify-content-start\">\n                        <a href=\"https:\/\/foodstudio.eu\/fi\/product_category\/liemet\/#kasvisliemi\" class=\"img-hover\">\n                            <div class=\"image\">\n                                <div class=\"image-wrapper\">\n                                    <img src=\"https:\/\/foodstudio.eu\/fi\/wp-content\/uploads\/sites\/5\/2020\/10\/0001_FS_puljong_350ml_Aedvilja_FI.png\">\n                                                                    <\/div>\n                            <\/div>\n                        <\/a>\n                        <p><strong>Kasvisliemi<\/strong><\/p>\n                    <\/div>\n                                                        <div class=\"product d-flex flex-column align-items-center justify-content-start\">\n                        <a href=\"https:\/\/foodstudio.eu\/fi\/product_category\/liemet\/#aasialainen-kanaliemi\" class=\"img-hover\">\n                            <div class=\"image\">\n                                <div class=\"image-wrapper\">\n                                    <img src=\"https:\/\/foodstudio.eu\/fi\/wp-content\/uploads\/sites\/5\/2020\/10\/0004_FS_puljong_350ml_Aasia_FI.png\">\n                                                                    <\/div>\n                            <\/div>\n                        <\/a>\n                        <p><strong>Aasialainen kanaliemi<\/strong><\/p>\n                    <\/div>\n                                                        <div class=\"product d-flex flex-column align-items-center justify-content-start\">\n                        <a href=\"https:\/\/foodstudio.eu\/fi\/product_category\/liemet\/#kalaliemi\" class=\"img-hover\">\n                            <div class=\"image\">\n                                <div class=\"image-wrapper\">\n                                    <img src=\"https:\/\/foodstudio.eu\/fi\/wp-content\/uploads\/sites\/5\/2020\/10\/0003_FS_puljong_350ml_Kala_FI.png\">\n                                                                    <\/div>\n                            <\/div>\n                        <\/a>\n                        <p><strong>Kalaliemi<\/strong><\/p>\n                    <\/div>\n                                                        <div class=\"product d-flex flex-column align-items-center justify-content-start\">\n                        <a href=\"https:\/\/foodstudio.eu\/fi\/product_category\/liemet\/#ramen-liemi\" class=\"img-hover\">\n                            <div class=\"image\">\n                                <div class=\"image-wrapper\">\n                                    <img src=\"https:\/\/foodstudio.eu\/fi\/wp-content\/uploads\/sites\/5\/2023\/01\/FoodStudio_PULJONG_350g_FI_Ramen-1.png\">\n                                                                            <img loading=\"lazy\" class=\"left_stamp\" src=\"https:\/\/foodstudio.eu\/fi\/wp-content\/uploads\/sites\/5\/2023\/01\/Frame.svg\" alt=\"Frame\" width=\"85\" height=\"85\">\n                                                                    <\/div>\n                            <\/div>\n                        <\/a>\n                        <p><strong>Ramen liemi<\/strong><\/p>\n                    <\/div>\n                                                        <div class=\"product d-flex flex-column align-items-center justify-content-start\">\n                        <a href=\"https:\/\/foodstudio.eu\/fi\/product_category\/liemet\/#sieniliemi\" class=\"img-hover\">\n                            <div class=\"image\">\n                                <div class=\"image-wrapper\">\n                                    <img src=\"https:\/\/foodstudio.eu\/fi\/wp-content\/uploads\/sites\/5\/2023\/01\/FoodStudio_PULJONG_350g_FI_Ramen-1-1.png\">\n                                                                            <img loading=\"lazy\" class=\"left_stamp\" src=\"https:\/\/foodstudio.eu\/fi\/wp-content\/uploads\/sites\/5\/2023\/01\/Frame.svg\" alt=\"Frame\" width=\"85\" height=\"85\">\n                                                                    <\/div>\n                            <\/div>\n                        <\/a>\n                        <p><strong>Sieniliemi<\/strong><\/p>\n                    <\/div>\n                 \n            <\/div>\n        <\/div>\n    <\/div>\n\n\n    <div id=\"product-links-block-block_5f8d61a6b5697\" class=\"product-links-block\">\n        <div class=\"container \">\n            <div class=\"row\">\n                <div class=\"title col-12 d-flex flex-column align-items-center\">\n                                            <h2 >LUOMU LIEMET<\/h2>\n                                                                <p>350ml \/ 750ml \/ 2L<\/p>\n                                    <\/div>\n            <\/div>\n            <div class=\"products row d-flex justify-content-center\">\n                                                        <div class=\"product d-flex flex-column align-items-center justify-content-start\">\n                        <a href=\"https:\/\/foodstudio.eu\/fi\/product_category\/luomu-liemet\/#luomu-kanaliemi\" class=\"img-hover\">\n                            <div class=\"image\">\n                                <div class=\"image-wrapper\">\n                                    <img src=\"https:\/\/foodstudio.eu\/fi\/wp-content\/uploads\/sites\/5\/2020\/10\/ORGANIC_foodstudio_puljong_350ml_Kana_eng.png\">\n                                                                    <\/div>\n                            <\/div>\n                        <\/a>\n                        <p><strong>Luomu kanaliemi<\/strong><\/p>\n                    <\/div>\n                                                        <div class=\"product d-flex flex-column align-items-center justify-content-start\">\n                        <a href=\"https:\/\/foodstudio.eu\/fi\/product_category\/luomu-liemet\/#luomu-lihaliemi\" class=\"img-hover\">\n                            <div class=\"image\">\n                                <div class=\"image-wrapper\">\n                                    <img src=\"https:\/\/foodstudio.eu\/fi\/wp-content\/uploads\/sites\/5\/2020\/10\/ORGANIC_foodstudio_puljong_350ml_Veise_eng.png\">\n                                                                    <\/div>\n                            <\/div>\n                        <\/a>\n                        <p><strong>Luomu lihaliemi<\/strong><\/p>\n                    <\/div>\n                 \n            <\/div>\n        <\/div>\n    <\/div>\n","protected":false},"excerpt":{"rendered":"","protected":false},"author":1,"featured_media":0,"parent":0,"menu_order":0,"comment_status":"closed","ping_status":"closed","template":"page-templates\/template-products.php","meta":{"advgb_blocks_editor_width":"","advgb_blocks_columns_visual_guide":""},"acf":[],"yoast_head":"<!-- This site is optimized with the Yoast SEO plugin v18.4.1 - https:\/\/yoast.com\/wordpress\/plugins\/seo\/ -->\n<title>Liemet - FoodStudio Finland<\/title>\n<meta name=\"robots\" content=\"index, follow, max-snippet:-1, max-image-preview:large, max-video-preview:-1\" \/>\n<link rel=\"canonical\" href=\"https:\/\/foodstudio.eu\/fi\/liemet\/\" \/>\n<meta property=\"og:locale\" content=\"fi_FI\" \/>\n<meta property=\"og:type\" content=\"article\" \/>\n<meta property=\"og:title\" content=\"Liemet - FoodStudio Finland\" \/>\n<meta property=\"og:url\" content=\"https:\/\/foodstudio.eu\/fi\/liemet\/\" \/>\n<meta property=\"og:site_name\" content=\"FoodStudio Finland\" \/>\n<meta property=\"article:modified_time\" content=\"2023-01-10T12:36:14+00:00\" \/>\n<meta name=\"twitter:card\" content=\"summary_large_image\" \/>\n<script type=\"application\/ld+json\" class=\"yoast-schema-graph\">{\"@context\":\"https:\/\/schema.org\",\"@graph\":[{\"@type\":\"WebSite\",\"@id\":\"https:\/\/foodstudio.eu\/fi\/#website\",\"url\":\"https:\/\/foodstudio.eu\/fi\/\",\"name\":\"FoodStudio Finland\",\"description\":\"\",\"potentialAction\":[{\"@type\":\"SearchAction\",\"target\":{\"@type\":\"EntryPoint\",\"urlTemplate\":\"https:\/\/foodstudio.eu\/fi\/?s={search_term_string}\"},\"query-input\":\"required name=search_term_string\"}],\"inLanguage\":\"fi\"},{\"@type\":\"WebPage\",\"@id\":\"https:\/\/foodstudio.eu\/fi\/liemet\/#webpage\",\"url\":\"https:\/\/foodstudio.eu\/fi\/liemet\/\",\"name\":\"Liemet - FoodStudio Finland\",\"isPartOf\":{\"@id\":\"https:\/\/foodstudio.eu\/fi\/#website\"},\"datePublished\":\"2020-10-19T08:49:44+00:00\",\"dateModified\":\"2023-01-10T12:36:14+00:00\",\"breadcrumb\":{\"@id\":\"https:\/\/foodstudio.eu\/fi\/liemet\/#breadcrumb\"},\"inLanguage\":\"fi\",\"potentialAction\":[{\"@type\":\"ReadAction\",\"target\":[\"https:\/\/foodstudio.eu\/fi\/liemet\/\"]}]},{\"@type\":\"BreadcrumbList\",\"@id\":\"https:\/\/foodstudio.eu\/fi\/liemet\/#breadcrumb\",\"itemListElement\":[{\"@type\":\"ListItem\",\"position\":1,\"name\":\"Home\",\"item\":\"https:\/\/foodstudio.eu\/fi\/\"},{\"@type\":\"ListItem\",\"position\":2,\"name\":\"Liemet\"}]}]}<\/script>\n<!-- \/ Yoast SEO plugin. -->","yoast_head_json":{"title":"Liemet - FoodStudio Finland","robots":{"index":"index","follow":"follow","max-snippet":"max-snippet:-1","max-image-preview":"max-image-preview:large","max-video-preview":"max-video-preview:-1"},"canonical":"https:\/\/foodstudio.eu\/fi\/liemet\/","og_locale":"fi_FI","og_type":"article","og_title":"Liemet - FoodStudio Finland","og_url":"https:\/\/foodstudio.eu\/fi\/liemet\/","og_site_name":"FoodStudio Finland","article_modified_time":"2023-01-10T12:36:14+00:00","twitter_card":"summary_large_image","schema":{"@context":"https:\/\/schema.org","@graph":[{"@type":"WebSite","@id":"https:\/\/foodstudio.eu\/fi\/#website","url":"https:\/\/foodstudio.eu\/fi\/","name":"FoodStudio Finland","description":"","potentialAction":[{"@type":"SearchAction","target":{"@type":"EntryPoint","urlTemplate":"https:\/\/foodstudio.eu\/fi\/?s={search_term_string}"},"query-input":"required name=search_term_string"}],"inLanguage":"fi"},{"@type":"WebPage","@id":"https:\/\/foodstudio.eu\/fi\/liemet\/#webpage","url":"https:\/\/foodstudio.eu\/fi\/liemet\/","name":"Liemet - FoodStudio Finland","isPartOf":{"@id":"https:\/\/foodstudio.eu\/fi\/#website"},"datePublished":"2020-10-19T08:49:44+00:00","dateModified":"2023-01-10T12:36:14+00:00","breadcrumb":{"@id":"https:\/\/foodstudio.eu\/fi\/liemet\/#breadcrumb"},"inLanguage":"fi","potentialAction":[{"@type":"ReadAction","target":["https:\/\/foodstudio.eu\/fi\/liemet\/"]}]},{"@type":"BreadcrumbList","@id":"https:\/\/foodstudio.eu\/fi\/liemet\/#breadcrumb","itemListElement":[{"@type":"ListItem","position":1,"name":"Home","item":"https:\/\/foodstudio.eu\/fi\/"},{"@type":"ListItem","position":2,"name":"Liemet"}]}]}},"coauthors":[],"author_meta":{"author_link":"https:\/\/foodstudio.eu\/fi\/author\/reaktiiv-fo\/","display_name":"reaktiiv-fo"},"relative_dates":{"created":"Posted 6 vuotta ago","modified":"Updated 3 vuotta ago"},"absolute_dates":{"created":"Posted on 19 lokakuun, 2020","modified":"Updated on 10 tammikuun, 2023"},"absolute_dates_time":{"created":"Posted on 19 lokakuun, 2020 8:49 am","modified":"Updated on 10 tammikuun, 2023 12:36 pm"},"featured_img_caption":"","featured_img":false,"uagb_featured_image_src":{"full":false,"thumbnail":false,"medium":false,"medium_large":false,"large":false,"1536x1536":false,"2048x2048":false,"small":false,"custom-size":false,"recipes-small":false,"recipes-big":false},"uagb_author_info":{"display_name":"reaktiiv-fo","author_link":"https:\/\/foodstudio.eu\/fi\/author\/reaktiiv-fo\/"},"uagb_comment_info":0,"uagb_excerpt":null,"_links":{"self":[{"href":"https:\/\/foodstudio.eu\/fi\/wp-json\/wp\/v2\/pages\/1664"}],"collection":[{"href":"https:\/\/foodstudio.eu\/fi\/wp-json\/wp\/v2\/pages"}],"about":[{"href":"https:\/\/foodstudio.eu\/fi\/wp-json\/wp\/v2\/types\/page"}],"author":[{"embeddable":true,"href":"https:\/\/foodstudio.eu\/fi\/wp-json\/wp\/v2\/users\/1"}],"replies":[{"embeddable":true,"href":"https:\/\/foodstudio.eu\/fi\/wp-json\/wp\/v2\/comments?post=1664"}],"version-history":[{"count":22,"href":"https:\/\/foodstudio.eu\/fi\/wp-json\/wp\/v2\/pages\/1664\/revisions"}],"predecessor-version":[{"id":2595,"href":"https:\/\/foodstudio.eu\/fi\/wp-json\/wp\/v2\/pages\/1664\/revisions\/2595"}],"wp:attachment":[{"href":"https:\/\/foodstudio.eu\/fi\/wp-json\/wp\/v2\/media?parent=1664"}],"curies":[{"name":"wp","href":"https:\/\/api.w.org\/{rel}","templated":true}]}}