{"id":1666,"date":"2020-10-02T08:44:52","date_gmt":"2020-10-02T08:44:52","guid":{"rendered":"https:\/\/foodstudio.eu\/fi\/privaatsuspoliitika-ja-isikuandmete-tootlemine\/"},"modified":"2025-11-17T11:46:26","modified_gmt":"2025-11-17T11:46:26","slug":"rekisteriseloste-tietosuojalauseke","status":"publish","type":"page","link":"https:\/\/foodstudio.eu\/fi\/rekisteriseloste-tietosuojalauseke\/","title":{"rendered":"REKISTERISELOSTE \/ TIETOSUOJALAUSEKE"},"content":{"rendered":"\n<h1><strong>REKISTERISELOSTE \/ TIETOSUOJALAUSEKE<\/strong><\/h1>\n\n\n\n<p>Henkil\u00f6tietolain (523\/1999) 10\u00a7:n mukainen rekisteriseloste.<\/p>\n\n\n\n<p><strong>Rekisterinpit\u00e4j\u00e4<\/strong><\/p>\n\n\n\n<p>Bone Broth Factory O\u00dc (rek: 12504177)<\/p>\n\n\n\n<p><strong>Pilvetee tn 6, Tallinna 12618, Viro<\/strong><\/p>\n\n\n\n<p><strong>Rekisterin nimi<\/strong><\/p>\n\n\n\n<p>Bone Broth Factory O\u00dc:n asiakas-\/toimittaja-\/kuluttajarekisteri. Rekisterin asianmukaisesta k\u00e4sittelyst\u00e4 vastaa yrityksen organisaatio (myynti- ja markkinointiosasto, kuluttajapalvelu, hankinta sek\u00e4 HR).<\/p>\n\n\n\n<p><strong>Henkil\u00f6tietojen k\u00e4sittelyn tarkoitus<\/strong><\/p>\n\n\n\n<p>Asiakas-\/toimittajasuhteen hoito, yll\u00e4pito, asiakastiedustelut, rekrytointi, asiakasinformaation toimittaminen sek\u00e4 Bone Broth Factory O\u00dc:n tuotteita ja palveluja koskevien yhteydenottojen k\u00e4sittely. Rekisteriin tallentuvat my\u00f6s rekrytointilomakkeen kautta tulevat yhteydenotot. Lis\u00e4ksi yhteystietoja k\u00e4ytet\u00e4\u00e4n mahdollisen kilpailun palkintojen arvontaan ja mahdollisesta voitosta ilmoittamiseen.<\/p>\n\n\n\n<p>Tiedot tallennetaan rekisteriin palautteen dokumentoimiseksi, palautteen selvitt\u00e4mist\u00e4 varten sek\u00e4 mahdollisten riitatilanteiden varalta. Tietoja k\u00e4sittelev\u00e4t henkil\u00f6t, joiden asemaan ja teht\u00e4viin mainittu k\u00e4ytt\u00f6oikeus ja henkil\u00f6tietojen k\u00e4sittely liittyy.<\/p>\n\n\n\n<p>Henkil\u00f6tietoja k\u00e4sitell\u00e4\u00e4n voimassa olevan lains\u00e4\u00e4d\u00e4nn\u00f6n sallimissa rajoissa.<\/p>\n\n\n\n<p><strong>Rekisterin sis\u00e4lt\u00e4m\u00e4t tiedot<\/strong><\/p>\n\n\n\n<p>Rekister\u00f6idyt ovat Bone Broth Factory O\u00dc:n toimittajia, tuotteita ostaneita asiakkaita tai henkil\u00f6it\u00e4, jotka ovat ottaneet yhteytt\u00e4 kuluttajapalveluun tai osallistuneet kampanjaan tuote- tai muun informaation tai palkinnon saamiseksi.<\/p>\n\n\n\n<p>Rekister\u00f6idyist\u00e4 tallentuvat nimi, osoite, matkapuhelinliittym\u00e4n numero, p\u00e4\u00e4telaitteen tiedot, s\u00e4hk\u00f6postiosoite, lupatiedot ja kiellot, tunnistamis- ja k\u00e4ytt\u00f6tiedot, tapahtuma- ja k\u00e4ytt\u00e4j\u00e4analyysitiedot, palvelutiedot ja muut rekister\u00f6idyn itse antamat tiedot.<\/p>\n\n\n\n<p><strong>S\u00e4\u00e4nn\u00f6nmukaiset tietol\u00e4hteet<\/strong><\/p>\n\n\n\n<p>Henkil\u00f6tietoja ker\u00e4t\u00e4\u00e4n rekister\u00f6idylt\u00e4 itselt\u00e4\u00e4n (puhelimitse, kirjeitse, internetin kautta tai muulla vastaavalla tavalla).<\/p>\n\n\n\n<p><strong>Tietojen luovuttaminen<\/strong><\/p>\n\n\n\n<p>Rekisterinpit\u00e4j\u00e4 ei luovuta tietoja rekisterin ulkopuolelle.<\/p>\n\n\n\n<p><strong>Kuvaus rekisterin suojausperiaatteista<\/strong><\/p>\n\n\n\n<p>Tiedot ker\u00e4t\u00e4\u00e4n tietokantoihin, jotka ovat palomuurein, salasanoin, k\u00e4ytt\u00f6oikeuksin ja muin teknisin keinoin suojattuja. Tietokannat ja niiden varmuuskopiot sijaitsevat lukituissa ja vartioiduissa tiloissa ja tietoihin p\u00e4\u00e4sev\u00e4t k\u00e4siksi vain tietyt ennalta nimetyt henkil\u00f6t.<\/p>\n\n\n\n<p><strong>Tarkastus- ja kielto-oikeus<\/strong><\/p>\n\n\n\n<p>Rekister\u00f6idyll\u00e4 on henkil\u00f6tietolain 26\u00a7:n mukainen oikeus tietojensa tarkistamiseen sek\u00e4 oikeus kielt\u00e4\u00e4 h\u00e4nt\u00e4 koskevien tietojen k\u00e4sittely ja luovuttaminen suoramarkkinointia ja et\u00e4myynti\u00e4 varten. Rekister\u00f6idyll\u00e4 on oikeus kielt\u00e4\u00e4 tietojensa k\u00e4ytt\u00e4minen suoramainontaan, et\u00e4myyntiin tai muuhun suoramarkkinointiin sek\u00e4 mielipide- ja markkinatutkimukseen.<\/p>\n\n\n\n<p>Tarkastuspyynt\u00f6 tulee l\u00e4hett\u00e4\u00e4 kirjallisesti ja allekirjoitettuna osoitteella:<\/p>\n\n\n\n<p>Bone Broth Factory O\u00dc (rek: 12504177) <strong>Pilvetee tn 6, Tallinna 12618, Viro<\/strong><\/p>\n\n\n\n<p><strong>Tietojen s\u00e4ilytys- ja poisto-oikeus<\/strong><\/p>\n\n\n\n<p>Tietokantaan ker\u00e4ttyj\u00e4 tietoja s\u00e4ilytet\u00e4\u00e4n vain niin kauan kuin tietoja voidaan pit\u00e4\u00e4 tarpeellisina niiden kuvatun k\u00e4ytt\u00f6tarkoituksen kannalta.<\/p>\n\n\n\n<p>Rekister\u00f6idyll\u00e4 on oikeus pyyt\u00e4\u00e4 yrityst\u00e4 poistamaan tiedot rekisterist\u00e4\u00e4n.<\/p>\n\n\n\n<p><strong>Tekniset h\u00e4iri\u00f6t<\/strong><\/p>\n\n\n\n<p>J\u00e4rjest\u00e4j\u00e4 ei vastaa mahdollisista teknisist\u00e4 h\u00e4iri\u00f6ist\u00e4.<\/p>\n","protected":false},"excerpt":{"rendered":"REKISTERISELOSTE \/ TIETOSUOJALAUSEKE Henkil\u00f6tietolain (523\/1999) 10\u00a7:n mukainen rekisteriseloste. Rekisterinpit\u00e4j\u00e4 Bone Broth Factory O\u00dc (rek: 12504177) Pilvetee tn 6, Tallinna 12618, Viro Rekisterin nimi Bone Broth Factory O\u00dc:n asiakas-\/toimittaja-\/kuluttajarekisteri. Rekisterin asianmukaisesta k\u00e4sittelyst\u00e4 vastaa yrityksen organisaatio (myynti- ja markkinointiosasto, kuluttajapalvelu, hankinta sek\u00e4 HR). Henkil\u00f6tietojen k\u00e4sittelyn tarkoitus Asiakas-\/toimittajasuhteen hoito, yll\u00e4pito, asiakastiedustelut, rekrytointi, asiakasinformaation toimittaminen sek\u00e4 Bone Broth Factory [&hellip;]","protected":false},"author":1,"featured_media":0,"parent":0,"menu_order":0,"comment_status":"closed","ping_status":"closed","template":"page-templates\/template-privacy.php","meta":{"advgb_blocks_editor_width":"","advgb_blocks_columns_visual_guide":""},"acf":[],"yoast_head":"<!-- This site is optimized with the Yoast SEO plugin v18.4.1 - https:\/\/yoast.com\/wordpress\/plugins\/seo\/ -->\n<title>REKISTERISELOSTE \/ TIETOSUOJALAUSEKE - FoodStudio Finland<\/title>\n<meta name=\"robots\" content=\"index, follow, max-snippet:-1, max-image-preview:large, max-video-preview:-1\" \/>\n<link rel=\"canonical\" href=\"https:\/\/foodstudio.eu\/fi\/rekisteriseloste-tietosuojalauseke\/\" \/>\n<meta property=\"og:locale\" content=\"fi_FI\" \/>\n<meta property=\"og:type\" content=\"article\" \/>\n<meta property=\"og:title\" content=\"REKISTERISELOSTE \/ TIETOSUOJALAUSEKE - FoodStudio Finland\" \/>\n<meta property=\"og:description\" content=\"REKISTERISELOSTE \/ TIETOSUOJALAUSEKE Henkil\u00f6tietolain (523\/1999) 10\u00a7:n mukainen rekisteriseloste. Rekisterinpit\u00e4j\u00e4 Bone Broth Factory O\u00dc (rek: 12504177) Pilvetee tn 6, Tallinna 12618, Viro Rekisterin nimi Bone Broth Factory O\u00dc:n asiakas-\/toimittaja-\/kuluttajarekisteri. Rekisterin asianmukaisesta k\u00e4sittelyst\u00e4 vastaa yrityksen organisaatio (myynti- ja markkinointiosasto, kuluttajapalvelu, hankinta sek\u00e4 HR). Henkil\u00f6tietojen k\u00e4sittelyn tarkoitus Asiakas-\/toimittajasuhteen hoito, yll\u00e4pito, asiakastiedustelut, rekrytointi, asiakasinformaation toimittaminen sek\u00e4 Bone Broth Factory [&hellip;]\" \/>\n<meta property=\"og:url\" content=\"https:\/\/foodstudio.eu\/fi\/rekisteriseloste-tietosuojalauseke\/\" \/>\n<meta property=\"og:site_name\" content=\"FoodStudio Finland\" \/>\n<meta property=\"article:modified_time\" content=\"2025-11-17T11:46:26+00:00\" \/>\n<meta name=\"twitter:card\" content=\"summary_large_image\" \/>\n<meta name=\"twitter:label1\" content=\"Arvioitu lukuaika\" \/>\n\t<meta name=\"twitter:data1\" content=\"2 minuuttia\" \/>\n<script type=\"application\/ld+json\" class=\"yoast-schema-graph\">{\"@context\":\"https:\/\/schema.org\",\"@graph\":[{\"@type\":\"WebSite\",\"@id\":\"https:\/\/foodstudio.eu\/fi\/#website\",\"url\":\"https:\/\/foodstudio.eu\/fi\/\",\"name\":\"FoodStudio Finland\",\"description\":\"\",\"potentialAction\":[{\"@type\":\"SearchAction\",\"target\":{\"@type\":\"EntryPoint\",\"urlTemplate\":\"https:\/\/foodstudio.eu\/fi\/?s={search_term_string}\"},\"query-input\":\"required name=search_term_string\"}],\"inLanguage\":\"fi\"},{\"@type\":\"WebPage\",\"@id\":\"https:\/\/foodstudio.eu\/fi\/rekisteriseloste-tietosuojalauseke\/#webpage\",\"url\":\"https:\/\/foodstudio.eu\/fi\/rekisteriseloste-tietosuojalauseke\/\",\"name\":\"REKISTERISELOSTE \/ TIETOSUOJALAUSEKE - FoodStudio Finland\",\"isPartOf\":{\"@id\":\"https:\/\/foodstudio.eu\/fi\/#website\"},\"datePublished\":\"2020-10-02T08:44:52+00:00\",\"dateModified\":\"2025-11-17T11:46:26+00:00\",\"breadcrumb\":{\"@id\":\"https:\/\/foodstudio.eu\/fi\/rekisteriseloste-tietosuojalauseke\/#breadcrumb\"},\"inLanguage\":\"fi\",\"potentialAction\":[{\"@type\":\"ReadAction\",\"target\":[\"https:\/\/foodstudio.eu\/fi\/rekisteriseloste-tietosuojalauseke\/\"]}]},{\"@type\":\"BreadcrumbList\",\"@id\":\"https:\/\/foodstudio.eu\/fi\/rekisteriseloste-tietosuojalauseke\/#breadcrumb\",\"itemListElement\":[{\"@type\":\"ListItem\",\"position\":1,\"name\":\"Home\",\"item\":\"https:\/\/foodstudio.eu\/fi\/\"},{\"@type\":\"ListItem\",\"position\":2,\"name\":\"REKISTERISELOSTE \/ TIETOSUOJALAUSEKE\"}]}]}<\/script>\n<!-- \/ Yoast SEO plugin. -->","yoast_head_json":{"title":"REKISTERISELOSTE \/ TIETOSUOJALAUSEKE - FoodStudio Finland","robots":{"index":"index","follow":"follow","max-snippet":"max-snippet:-1","max-image-preview":"max-image-preview:large","max-video-preview":"max-video-preview:-1"},"canonical":"https:\/\/foodstudio.eu\/fi\/rekisteriseloste-tietosuojalauseke\/","og_locale":"fi_FI","og_type":"article","og_title":"REKISTERISELOSTE \/ TIETOSUOJALAUSEKE - FoodStudio Finland","og_description":"REKISTERISELOSTE \/ TIETOSUOJALAUSEKE Henkil\u00f6tietolain (523\/1999) 10\u00a7:n mukainen rekisteriseloste. Rekisterinpit\u00e4j\u00e4 Bone Broth Factory O\u00dc (rek: 12504177) Pilvetee tn 6, Tallinna 12618, Viro Rekisterin nimi Bone Broth Factory O\u00dc:n asiakas-\/toimittaja-\/kuluttajarekisteri. Rekisterin asianmukaisesta k\u00e4sittelyst\u00e4 vastaa yrityksen organisaatio (myynti- ja markkinointiosasto, kuluttajapalvelu, hankinta sek\u00e4 HR). Henkil\u00f6tietojen k\u00e4sittelyn tarkoitus Asiakas-\/toimittajasuhteen hoito, yll\u00e4pito, asiakastiedustelut, rekrytointi, asiakasinformaation toimittaminen sek\u00e4 Bone Broth Factory [&hellip;]","og_url":"https:\/\/foodstudio.eu\/fi\/rekisteriseloste-tietosuojalauseke\/","og_site_name":"FoodStudio Finland","article_modified_time":"2025-11-17T11:46:26+00:00","twitter_card":"summary_large_image","twitter_misc":{"Arvioitu lukuaika":"2 minuuttia"},"schema":{"@context":"https:\/\/schema.org","@graph":[{"@type":"WebSite","@id":"https:\/\/foodstudio.eu\/fi\/#website","url":"https:\/\/foodstudio.eu\/fi\/","name":"FoodStudio Finland","description":"","potentialAction":[{"@type":"SearchAction","target":{"@type":"EntryPoint","urlTemplate":"https:\/\/foodstudio.eu\/fi\/?s={search_term_string}"},"query-input":"required name=search_term_string"}],"inLanguage":"fi"},{"@type":"WebPage","@id":"https:\/\/foodstudio.eu\/fi\/rekisteriseloste-tietosuojalauseke\/#webpage","url":"https:\/\/foodstudio.eu\/fi\/rekisteriseloste-tietosuojalauseke\/","name":"REKISTERISELOSTE \/ TIETOSUOJALAUSEKE - FoodStudio Finland","isPartOf":{"@id":"https:\/\/foodstudio.eu\/fi\/#website"},"datePublished":"2020-10-02T08:44:52+00:00","dateModified":"2025-11-17T11:46:26+00:00","breadcrumb":{"@id":"https:\/\/foodstudio.eu\/fi\/rekisteriseloste-tietosuojalauseke\/#breadcrumb"},"inLanguage":"fi","potentialAction":[{"@type":"ReadAction","target":["https:\/\/foodstudio.eu\/fi\/rekisteriseloste-tietosuojalauseke\/"]}]},{"@type":"BreadcrumbList","@id":"https:\/\/foodstudio.eu\/fi\/rekisteriseloste-tietosuojalauseke\/#breadcrumb","itemListElement":[{"@type":"ListItem","position":1,"name":"Home","item":"https:\/\/foodstudio.eu\/fi\/"},{"@type":"ListItem","position":2,"name":"REKISTERISELOSTE \/ TIETOSUOJALAUSEKE"}]}]}},"coauthors":[],"author_meta":{"author_link":"https:\/\/foodstudio.eu\/fi\/author\/reaktiiv-fo\/","display_name":"reaktiiv-fo"},"relative_dates":{"created":"Posted 6 vuotta ago","modified":"Updated 5 kuukautta ago"},"absolute_dates":{"created":"Posted on 2 lokakuun, 2020","modified":"Updated on 17 marraskuun, 2025"},"absolute_dates_time":{"created":"Posted on 2 lokakuun, 2020 8:44 am","modified":"Updated on 17 marraskuun, 2025 11:46 am"},"featured_img_caption":"","featured_img":false,"uagb_featured_image_src":{"full":false,"thumbnail":false,"medium":false,"medium_large":false,"large":false,"1536x1536":false,"2048x2048":false,"small":false,"custom-size":false,"recipes-small":false,"recipes-big":false},"uagb_author_info":{"display_name":"reaktiiv-fo","author_link":"https:\/\/foodstudio.eu\/fi\/author\/reaktiiv-fo\/"},"uagb_comment_info":0,"uagb_excerpt":"REKISTERISELOSTE \/ TIETOSUOJALAUSEKE Henkil\u00f6tietolain (523\/1999) 10\u00a7:n mukainen rekisteriseloste. Rekisterinpit\u00e4j\u00e4 Bone Broth Factory O\u00dc (rek: 12504177) Pilvetee tn 6, Tallinna 12618, Viro Rekisterin nimi Bone Broth Factory O\u00dc:n asiakas-\/toimittaja-\/kuluttajarekisteri. Rekisterin asianmukaisesta k\u00e4sittelyst\u00e4 vastaa yrityksen organisaatio (myynti- ja markkinointiosasto, kuluttajapalvelu, hankinta sek\u00e4 HR). Henkil\u00f6tietojen k\u00e4sittelyn tarkoitus Asiakas-\/toimittajasuhteen hoito, yll\u00e4pito, asiakastiedustelut, rekrytointi, asiakasinformaation toimittaminen sek\u00e4 Bone Broth Factory&hellip;","_links":{"self":[{"href":"https:\/\/foodstudio.eu\/fi\/wp-json\/wp\/v2\/pages\/1666"}],"collection":[{"href":"https:\/\/foodstudio.eu\/fi\/wp-json\/wp\/v2\/pages"}],"about":[{"href":"https:\/\/foodstudio.eu\/fi\/wp-json\/wp\/v2\/types\/page"}],"author":[{"embeddable":true,"href":"https:\/\/foodstudio.eu\/fi\/wp-json\/wp\/v2\/users\/1"}],"replies":[{"embeddable":true,"href":"https:\/\/foodstudio.eu\/fi\/wp-json\/wp\/v2\/comments?post=1666"}],"version-history":[{"count":5,"href":"https:\/\/foodstudio.eu\/fi\/wp-json\/wp\/v2\/pages\/1666\/revisions"}],"predecessor-version":[{"id":2635,"href":"https:\/\/foodstudio.eu\/fi\/wp-json\/wp\/v2\/pages\/1666\/revisions\/2635"}],"wp:attachment":[{"href":"https:\/\/foodstudio.eu\/fi\/wp-json\/wp\/v2\/media?parent=1666"}],"curies":[{"name":"wp","href":"https:\/\/api.w.org\/{rel}","templated":true}]}}