{"id":2892,"date":"2020-10-02T07:49:54","date_gmt":"2020-10-02T07:49:54","guid":{"rendered":"https:\/\/foodstudio.eu\/se\/avaleht\/"},"modified":"2024-12-03T12:41:47","modified_gmt":"2024-12-03T12:41:47","slug":"avaleht","status":"publish","type":"page","link":"https:\/\/foodstudio.eu\/se\/","title":{"rendered":"Home"},"content":{"rendered":"\n<div id=\"features-block-block_5f76f03643ed6\" class=\"features-block\">\n    <div class=\"container\">\n        <div class=\"row\">\n            <div class=\"col-12 features_title\">\n                                    <h4>BULJONGER AV <\/h4>\n<h1>RESTAURANG KVALIT\u00c9<\/h1>\n                            <\/div>\n        <\/div>\n        <div class=\"row bg align-items-center justify-content-center\" style=\"background-image: url(https:\/\/foodstudio.eu\/se\/wp-content\/uploads\/sites\/12\/2020\/10\/Group-2-1-scaled.jpg);\">\n            <div class=\"col-12\">\n                <div class=\"features_container\">\n                    <div class=\"features\">\n                                                    <img id=\"features_img\" class=\"fade-in\" src=\"https:\/\/foodstudio.eu\/se\/wp-content\/uploads\/sites\/12\/2024\/11\/FoodStudio_2024_mockup_PULJONG_350g_otsevaade_kana_mahe_SWE.png\" alt=\"Features Image\">\n                                                                                                        <span class=\"linepoint desktop point_line\" style=\"transform: rotate(327deg); top: 10.5%; left: 95%;\"><\/span>\n                            <div class=\"point desktop fade-independently\" style=\"top: -2%; left: 137%;\">\n                                <span>L\u00e4tt att \u00f6ppna<\/span>\n                            <\/div>\n                                                                                <span class=\"linepoint desktop point_line\" style=\"transform: rotate(205deg); top: 30%; left: 3%;\"><\/span>\n                            <div class=\"point desktop fade-independently\" style=\"top: 21%; left: -38%;\">\n                                <span>Naturlig och redo att v\u00e4rmas<\/span>\n                            <\/div>\n                                                                                <span class=\"linepoint desktop point_line\" style=\"transform: rotate(20deg); top: 60%; left: 91%;\"><\/span>\n                            <div class=\"point desktop fade-independently\" style=\"top: 68%; left: 138%;\">\n                                <span>\u00c5tervunnen plastf\u00f6rpackning<\/span>\n                            <\/div>\n                                                                                <span class=\"linepoint desktop point_line\" style=\"transform: rotate(163deg); top: 79%; left: 11%;\"><\/span>\n                            <div class=\"point desktop fade-independently\" style=\"top: 87%; left: -32%;\">\n                                <span>Fri fr\u00e5n gluten och laktos<\/span>\n                            <\/div>\n                                                                                                        <span class=\"linepoint mobile point_line\" style=\"transform: rotate(-90deg); top: 1%; left: 50%;\"><\/span>\n                            <div class=\"point mobile fade-independently\" style=\"top: -70px; left: 50%; bottom: px;\">\n                                <span>Naturlig och redo att v\u00e4rmas<\/span>\n                            <\/div>\n                                                                                <span class=\"linepoint mobile point_line\" style=\"transform: rotate(-235deg); top: 92%; left: 28%;\"><\/span>\n                            <div class=\"point mobile fade-independently\" style=\"top: px; left: 12%; bottom: -77px;\">\n                                <span>Fri fr\u00e5n gluten och laktos<\/span>\n                            <\/div>\n                                                                                <span class=\"linepoint mobile point_line\" style=\"transform: rotate(55deg); top: 92%; left: 73%;\"><\/span>\n                            <div class=\"point mobile fade-independently\" style=\"top: px; left: 87%; bottom: -77px;\">\n                                <span>\u00c5tervunnen plastf\u00f6rpackning<\/span>\n                            <\/div>\n                                            <\/div>\n                <\/div>\n            <\/div>\n        <\/div>\n    <\/div>\n    <div class=\"absolute-images\">\n                    <img class=\"absolute-image\" src=\"https:\/\/foodstudio.eu\/se\/wp-content\/uploads\/sites\/12\/2020\/10\/shutterstock_585424613-copy-2.png\" style=\"bottom: 24%;left: 0%;right: %;\">\n                    <img class=\"absolute-image\" src=\"https:\/\/foodstudio.eu\/se\/wp-content\/uploads\/sites\/12\/2020\/10\/shutterstock_585424613-1.png\" style=\"bottom: -4%;left: %;right: 0%;\">\n            <\/div>\n    <div class=\"absolute-images-mobile\">\n                    <img class=\"absolute-image\" src=\"https:\/\/foodstudio.eu\/se\/wp-content\/uploads\/sites\/12\/2020\/10\/shutterstock_585424613-copy-2-2.png\" style=\"bottom: 60%;left: 0%;right: %;\">\n                    <img class=\"absolute-image\" src=\"https:\/\/foodstudio.eu\/se\/wp-content\/uploads\/sites\/12\/2020\/10\/shutterstock_585424613-copy-3-1.png\" style=\"bottom: 60%;left: %;right: 0%;\">\n            <\/div>\n<\/div>\n\n\n<h2 class=\"has-text-align-center\">DET KAN INTE BLI ENKLARE!<\/h2>\n\n\n\n<div id=\"steps-block-block_5f7705ae4e8c3\" class=\"steps-block\">\n    <div class=\"container\">\n        <div class=\"row\">\n            <div class=\"col-lg-6 col-12 d-flex align-items-center\">\n                                    <div class=\"row steps\">\n                                                                                <div class=\"col-12 d-flex align-items-center step fade-independently\">\n                                <img src=\"https:\/\/foodstudio.eu\/se\/wp-content\/uploads\/sites\/12\/2020\/10\/foodstudio_123_1a.jpg\" alt=\"Step Image\">\n                                <p><strong>V\u00e5ra buljonger \u00e4r redo att v\u00e4rmas. Du h\u00e4ller dem bara i en kastrull eller stekpanna.<\/strong><\/p>\n                            <\/div>\n                                                                                <div class=\"col-12 d-flex align-items-center step fade-independently\">\n                                <img src=\"https:\/\/foodstudio.eu\/se\/wp-content\/uploads\/sites\/12\/2020\/10\/foodstudio_123_2a.jpg\" alt=\"Step Image\">\n                                <p><strong>Addera kryddor och \u00f6rter efter smak och v\u00e4lj hur du vill servera din buljong.<\/strong><\/p>\n                            <\/div>\n                                                                                <div class=\"col-12 d-flex align-items-center step fade-independently\">\n                                <img src=\"https:\/\/foodstudio.eu\/se\/wp-content\/uploads\/sites\/12\/2020\/10\/foodstudio_123_3a.jpg\" alt=\"Step Image\">\n                                <p><strong>Nu kan du \u00f6nska smaklig m\u00e5ltid! Om maten \u00e4r god \u00e4r aptiten stor.<\/strong><\/p>\n                            <\/div>\n                                            <\/div>\n                            <\/div>\n            <div class=\"col-lg-6 col-12 img_container\">\n                                <div class=\"bg\" style=\"background-image:url(https:\/\/foodstudio.eu\/se\/wp-content\/uploads\/sites\/12\/2020\/10\/shutterstock_1423005482-copy-2.jpg);\"><\/div>\n            <\/div>\n        <\/div>\n    <\/div>\n<\/div>\n\n    <div id=\"featured-products-block-block_5f77086015cec\" class=\"featured-products-block\">\n        <div class=\"container\">\n            <div class=\"shade-left\"><\/div>\n            <div class=\"shade-right\"><\/div>\n            <div class=\"row\">\n                <div class=\"title col-12 d-flex flex-column align-items-center\">\n                    <h1>VEM \u00c4LSKAR INTE ATT LAGA MAT&#8230;<\/h1>\n                    <h1 class=\"small_heading fade-in\">OM DET TAR FEM MINUTER.<\/h1>\n                <\/div>\n            <\/div>\n            <div class=\"featured_products d-flex justify-contents-center align-items-center scroll-center\">\n                <div class='control-c prev'>\n                    <div class=\"btn_arrow\">\n                        <i class=\"arrow\"><\/i>\n                        <div class=\"arrow_body\"><\/div>\n                    <\/div>\n                <\/div>\n                <div class='control-c next'>\n                    <div class=\"btn_arrow\">\n                        <i class=\"arrow\"><\/i>\n                        <div class=\"arrow_body\"><\/div>\n                    <\/div>\n                <\/div>\n                <div class=\"slick\">\n                                                                    <a href=\"https:\/\/foodstudio.eu\/se\/product_category\/ekologisk-buljon\/#ekologisk-kycklingbuljong\" class=\"img-hover-zoom\">\n                            <div class=\"image\">\n                                <div class=\"image-wrapper\">\n                                    <img src=\"https:\/\/foodstudio.eu\/se\/wp-content\/uploads\/sites\/12\/2024\/11\/FoodStudio_2024_mockup_PULJONG_350g_otsevaade_kana_mahe_SWE.png\">\n                                    <div class=\"awards\">\n                                                                            <\/div>\n                                <\/div>\n                            <\/div>\n                        <\/a>\n                                                                    <a href=\"https:\/\/foodstudio.eu\/se\/product_category\/ekologisk-buljon\/#ekologisk-biffbuljong\" class=\"img-hover-zoom\">\n                            <div class=\"image\">\n                                <div class=\"image-wrapper\">\n                                    <img src=\"https:\/\/foodstudio.eu\/se\/wp-content\/uploads\/sites\/12\/2020\/10\/FoodStudio_2024_mockup_PULJONG_350g_otsevaade_veis_mahe_SWE.png\">\n                                    <div class=\"awards\">\n                                                                            <\/div>\n                                <\/div>\n                            <\/div>\n                        <\/a>\n                                                                    <a href=\"https:\/\/foodstudio.eu\/se\/product_category\/buljon\/#ramenbuljong\" class=\"img-hover-zoom\">\n                            <div class=\"image\">\n                                <div class=\"image-wrapper\">\n                                    <img src=\"https:\/\/foodstudio.eu\/se\/wp-content\/uploads\/sites\/12\/2023\/06\/FoodStudio_2024_mockup_PULJONG_350g_otsevaade_ramen_SWE.png\">\n                                    <div class=\"awards\">\n                                                                            <\/div>\n                                <\/div>\n                            <\/div>\n                        <\/a>\n                     \n                <\/div>\n            <\/div>\n        <\/div>\n    <\/div>\n\n\n\n<div id=\"fs-3-column-block-block_5f770364b105f\" class=\"fs-3-column-block\">\n    <div class=\"container text\">\n        <div class=\"row fade-in\">\n            <div class=\"col-lg-4 col-12 first\">\n                <h1>ENDAST DET B\u00c4STA \u00c4R BRA NOG<\/h1>\n            <\/div>\n            <div class=\"col-lg-4 col-12 sec\">\n                <p>V\u00e5ra ingredienser \u00e4r naturliga och f\u00e4rska. Det finns inget vi sk\u00e4ms \u00f6ver i v\u00e5ra buljonger. Vi anv\u00e4nder 100% ekologiska ingredienser i v\u00e5ra produkter, helt enkelt f\u00f6r att de \u00e4r b\u00e4ttre. <\/p>\n            <\/div>\n            <div class=\"col-lg-4 col-12 third\">\n                <p>Biffbenen kommer fr\u00e5n gr\u00e4sbetande n\u00f6tkreatur och kycklingbenen fr\u00e5n en ekologisk g\u00e5rd i Tyskland.  Alla gr\u00f6nsaker har etniskt ursprung och \u00e4r noggrant utvalda fr\u00e5n sm\u00e5 producenter, eftersom endast det b\u00e4sta r\u00e4cker f\u00f6r oss.<\/p>\n            <\/div>\n        <\/div>\n    <\/div>\n<\/div>","protected":false},"excerpt":{"rendered":"DET KAN INTE BLI ENKLARE!","protected":false},"author":1,"featured_media":2882,"parent":0,"menu_order":0,"comment_status":"closed","ping_status":"closed","template":"","meta":{"advgb_blocks_editor_width":"","advgb_blocks_columns_visual_guide":""},"acf":[],"yoast_head":"<!-- This site is optimized with the Yoast SEO plugin v18.4.1 - https:\/\/yoast.com\/wordpress\/plugins\/seo\/ -->\n<title>Home - Foodstudio Sweden<\/title>\n<meta name=\"robots\" content=\"index, follow, max-snippet:-1, max-image-preview:large, max-video-preview:-1\" \/>\n<link rel=\"canonical\" href=\"https:\/\/foodstudio.eu\/se\/\" \/>\n<meta property=\"og:locale\" content=\"sv_SE\" \/>\n<meta property=\"og:type\" content=\"article\" \/>\n<meta property=\"og:title\" content=\"Home - Foodstudio Sweden\" \/>\n<meta property=\"og:description\" content=\"DET KAN INTE BLI ENKLARE!\" \/>\n<meta property=\"og:url\" content=\"https:\/\/foodstudio.eu\/se\/\" \/>\n<meta property=\"og:site_name\" content=\"Foodstudio Sweden\" \/>\n<meta property=\"article:modified_time\" content=\"2024-12-03T12:41:47+00:00\" \/>\n<meta property=\"og:image\" content=\"https:\/\/foodstudio.eu\/se\/wp-content\/uploads\/sites\/12\/2022\/04\/FoodStudio_SWE_Food-Collective_ORGANIC_PULJONG_KANA_350g_AVALEHT-700x942.png\" \/>\n\t<meta property=\"og:image:width\" content=\"700\" \/>\n\t<meta property=\"og:image:height\" content=\"942\" \/>\n\t<meta property=\"og:image:type\" content=\"image\/png\" \/>\n<meta name=\"twitter:card\" content=\"summary_large_image\" \/>\n<meta name=\"twitter:label1\" content=\"Ber\u00e4knad l\u00e4stid\" \/>\n\t<meta name=\"twitter:data1\" content=\"1 minut\" \/>\n<script type=\"application\/ld+json\" class=\"yoast-schema-graph\">{\"@context\":\"https:\/\/schema.org\",\"@graph\":[{\"@type\":\"WebSite\",\"@id\":\"https:\/\/foodstudio.eu\/se\/#website\",\"url\":\"https:\/\/foodstudio.eu\/se\/\",\"name\":\"Foodstudio Sweden\",\"description\":\"\",\"potentialAction\":[{\"@type\":\"SearchAction\",\"target\":{\"@type\":\"EntryPoint\",\"urlTemplate\":\"https:\/\/foodstudio.eu\/se\/?s={search_term_string}\"},\"query-input\":\"required name=search_term_string\"}],\"inLanguage\":\"sv-SE\"},{\"@type\":\"ImageObject\",\"@id\":\"https:\/\/foodstudio.eu\/se\/#primaryimage\",\"inLanguage\":\"sv-SE\",\"url\":\"https:\/\/foodstudio.eu\/se\/wp-content\/uploads\/sites\/12\/2022\/04\/FoodStudio_SWE_Food-Collective_ORGANIC_PULJONG_KANA_350g_AVALEHT.png\",\"contentUrl\":\"https:\/\/foodstudio.eu\/se\/wp-content\/uploads\/sites\/12\/2022\/04\/FoodStudio_SWE_Food-Collective_ORGANIC_PULJONG_KANA_350g_AVALEHT.png\",\"width\":1040,\"height\":1400},{\"@type\":\"WebPage\",\"@id\":\"https:\/\/foodstudio.eu\/se\/#webpage\",\"url\":\"https:\/\/foodstudio.eu\/se\/\",\"name\":\"Home - Foodstudio Sweden\",\"isPartOf\":{\"@id\":\"https:\/\/foodstudio.eu\/se\/#website\"},\"primaryImageOfPage\":{\"@id\":\"https:\/\/foodstudio.eu\/se\/#primaryimage\"},\"datePublished\":\"2020-10-02T07:49:54+00:00\",\"dateModified\":\"2024-12-03T12:41:47+00:00\",\"breadcrumb\":{\"@id\":\"https:\/\/foodstudio.eu\/se\/#breadcrumb\"},\"inLanguage\":\"sv-SE\",\"potentialAction\":[{\"@type\":\"ReadAction\",\"target\":[\"https:\/\/foodstudio.eu\/se\/\"]}]},{\"@type\":\"BreadcrumbList\",\"@id\":\"https:\/\/foodstudio.eu\/se\/#breadcrumb\",\"itemListElement\":[{\"@type\":\"ListItem\",\"position\":1,\"name\":\"Home\",\"item\":\"https:\/\/foodstudio.eu\/se\/\"},{\"@type\":\"ListItem\",\"position\":2,\"name\":\"Home\"}]}]}<\/script>\n<!-- \/ Yoast SEO plugin. -->","yoast_head_json":{"title":"Home - Foodstudio Sweden","robots":{"index":"index","follow":"follow","max-snippet":"max-snippet:-1","max-image-preview":"max-image-preview:large","max-video-preview":"max-video-preview:-1"},"canonical":"https:\/\/foodstudio.eu\/se\/","og_locale":"sv_SE","og_type":"article","og_title":"Home - Foodstudio Sweden","og_description":"DET KAN INTE BLI ENKLARE!","og_url":"https:\/\/foodstudio.eu\/se\/","og_site_name":"Foodstudio Sweden","article_modified_time":"2024-12-03T12:41:47+00:00","og_image":[{"width":700,"height":942,"url":"https:\/\/foodstudio.eu\/se\/wp-content\/uploads\/sites\/12\/2022\/04\/FoodStudio_SWE_Food-Collective_ORGANIC_PULJONG_KANA_350g_AVALEHT-700x942.png","type":"image\/png"}],"twitter_card":"summary_large_image","twitter_misc":{"Ber\u00e4knad l\u00e4stid":"1 minut"},"schema":{"@context":"https:\/\/schema.org","@graph":[{"@type":"WebSite","@id":"https:\/\/foodstudio.eu\/se\/#website","url":"https:\/\/foodstudio.eu\/se\/","name":"Foodstudio Sweden","description":"","potentialAction":[{"@type":"SearchAction","target":{"@type":"EntryPoint","urlTemplate":"https:\/\/foodstudio.eu\/se\/?s={search_term_string}"},"query-input":"required name=search_term_string"}],"inLanguage":"sv-SE"},{"@type":"ImageObject","@id":"https:\/\/foodstudio.eu\/se\/#primaryimage","inLanguage":"sv-SE","url":"https:\/\/foodstudio.eu\/se\/wp-content\/uploads\/sites\/12\/2022\/04\/FoodStudio_SWE_Food-Collective_ORGANIC_PULJONG_KANA_350g_AVALEHT.png","contentUrl":"https:\/\/foodstudio.eu\/se\/wp-content\/uploads\/sites\/12\/2022\/04\/FoodStudio_SWE_Food-Collective_ORGANIC_PULJONG_KANA_350g_AVALEHT.png","width":1040,"height":1400},{"@type":"WebPage","@id":"https:\/\/foodstudio.eu\/se\/#webpage","url":"https:\/\/foodstudio.eu\/se\/","name":"Home - Foodstudio Sweden","isPartOf":{"@id":"https:\/\/foodstudio.eu\/se\/#website"},"primaryImageOfPage":{"@id":"https:\/\/foodstudio.eu\/se\/#primaryimage"},"datePublished":"2020-10-02T07:49:54+00:00","dateModified":"2024-12-03T12:41:47+00:00","breadcrumb":{"@id":"https:\/\/foodstudio.eu\/se\/#breadcrumb"},"inLanguage":"sv-SE","potentialAction":[{"@type":"ReadAction","target":["https:\/\/foodstudio.eu\/se\/"]}]},{"@type":"BreadcrumbList","@id":"https:\/\/foodstudio.eu\/se\/#breadcrumb","itemListElement":[{"@type":"ListItem","position":1,"name":"Home","item":"https:\/\/foodstudio.eu\/se\/"},{"@type":"ListItem","position":2,"name":"Home"}]}]}},"coauthors":[],"author_meta":{"author_link":"https:\/\/foodstudio.eu\/se\/author\/reaktiiv-fo\/","display_name":"reaktiiv-fo"},"relative_dates":{"created":"Posted 6 \u00e5r ago","modified":"Updated 1 \u00e5r ago"},"absolute_dates":{"created":"Posted on oktober 2, 2020","modified":"Updated on december 3, 2024"},"absolute_dates_time":{"created":"Posted on oktober 2, 2020 7:49 f m","modified":"Updated on december 3, 2024 12:41 e m"},"featured_img_caption":"","featured_img":"https:\/\/foodstudio.eu\/se\/wp-content\/uploads\/sites\/12\/2022\/04\/FoodStudio_SWE_Food-Collective_ORGANIC_PULJONG_KANA_350g_AVALEHT.png","uagb_featured_image_src":{"full":["https:\/\/foodstudio.eu\/se\/wp-content\/uploads\/sites\/12\/2022\/04\/FoodStudio_SWE_Food-Collective_ORGANIC_PULJONG_KANA_350g_AVALEHT.png",1040,1400,false],"thumbnail":["https:\/\/foodstudio.eu\/se\/wp-content\/uploads\/sites\/12\/2022\/04\/FoodStudio_SWE_Food-Collective_ORGANIC_PULJONG_KANA_350g_AVALEHT-150x150.png",150,150,true],"medium":["https:\/\/foodstudio.eu\/se\/wp-content\/uploads\/sites\/12\/2022\/04\/FoodStudio_SWE_Food-Collective_ORGANIC_PULJONG_KANA_350g_AVALEHT-250x337.png",223,300,true],"medium_large":["https:\/\/foodstudio.eu\/se\/wp-content\/uploads\/sites\/12\/2022\/04\/FoodStudio_SWE_Food-Collective_ORGANIC_PULJONG_KANA_350g_AVALEHT-768x1034.png",768,1034,true],"large":["https:\/\/foodstudio.eu\/se\/wp-content\/uploads\/sites\/12\/2022\/04\/FoodStudio_SWE_Food-Collective_ORGANIC_PULJONG_KANA_350g_AVALEHT-700x942.png",700,942,true],"1536x1536":["https:\/\/foodstudio.eu\/se\/wp-content\/uploads\/sites\/12\/2022\/04\/FoodStudio_SWE_Food-Collective_ORGANIC_PULJONG_KANA_350g_AVALEHT.png",1040,1400,false],"2048x2048":["https:\/\/foodstudio.eu\/se\/wp-content\/uploads\/sites\/12\/2022\/04\/FoodStudio_SWE_Food-Collective_ORGANIC_PULJONG_KANA_350g_AVALEHT.png",1040,1400,false],"small":["https:\/\/foodstudio.eu\/se\/wp-content\/uploads\/sites\/12\/2022\/04\/FoodStudio_SWE_Food-Collective_ORGANIC_PULJONG_KANA_350g_AVALEHT-120x162.png",120,162,true],"custom-size":["https:\/\/foodstudio.eu\/se\/wp-content\/uploads\/sites\/12\/2022\/04\/FoodStudio_SWE_Food-Collective_ORGANIC_PULJONG_KANA_350g_AVALEHT-1040x1080.png",1040,1080,true],"recipes-small":["https:\/\/foodstudio.eu\/se\/wp-content\/uploads\/sites\/12\/2022\/04\/FoodStudio_SWE_Food-Collective_ORGANIC_PULJONG_KANA_350g_AVALEHT-400x538.png",400,538,true],"recipes-big":["https:\/\/foodstudio.eu\/se\/wp-content\/uploads\/sites\/12\/2022\/04\/FoodStudio_SWE_Food-Collective_ORGANIC_PULJONG_KANA_350g_AVALEHT-630x848.png",630,848,true]},"uagb_author_info":{"display_name":"reaktiiv-fo","author_link":"https:\/\/foodstudio.eu\/se\/author\/reaktiiv-fo\/"},"uagb_comment_info":0,"uagb_excerpt":"DET KAN INTE BLI ENKLARE!","_links":{"self":[{"href":"https:\/\/foodstudio.eu\/se\/wp-json\/wp\/v2\/pages\/2892"}],"collection":[{"href":"https:\/\/foodstudio.eu\/se\/wp-json\/wp\/v2\/pages"}],"about":[{"href":"https:\/\/foodstudio.eu\/se\/wp-json\/wp\/v2\/types\/page"}],"author":[{"embeddable":true,"href":"https:\/\/foodstudio.eu\/se\/wp-json\/wp\/v2\/users\/1"}],"replies":[{"embeddable":true,"href":"https:\/\/foodstudio.eu\/se\/wp-json\/wp\/v2\/comments?post=2892"}],"version-history":[{"count":55,"href":"https:\/\/foodstudio.eu\/se\/wp-json\/wp\/v2\/pages\/2892\/revisions"}],"predecessor-version":[{"id":3236,"href":"https:\/\/foodstudio.eu\/se\/wp-json\/wp\/v2\/pages\/2892\/revisions\/3236"}],"wp:featuredmedia":[{"embeddable":true,"href":"https:\/\/foodstudio.eu\/se\/wp-json\/wp\/v2\/media\/2882"}],"wp:attachment":[{"href":"https:\/\/foodstudio.eu\/se\/wp-json\/wp\/v2\/media?parent=2892"}],"curies":[{"name":"wp","href":"https:\/\/api.w.org\/{rel}","templated":true}]}}