{"id":2940,"date":"2020-11-18T07:22:00","date_gmt":"2020-11-18T07:22:00","guid":{"rendered":"https:\/\/foodstudio.eu\/se\/our-story\/"},"modified":"2024-11-27T09:28:06","modified_gmt":"2024-11-27T09:28:06","slug":"var-historia","status":"publish","type":"page","link":"https:\/\/foodstudio.eu\/se\/var-historia\/","title":{"rendered":"V\u00e5r historia"},"content":{"rendered":"\n<div id=\"our-story-block-block_5f96796589909\" class=\"our-story-block container\">\n    <div class=\"row\">\n        <div class=\"col-lg-6 col-12 left\">\n                        <h1>ATT LAGA GOD MAT TAR INTE TIMMAR. DET TAR \u00c5R.<\/h1>\n<p><strong>\u2013 Indrek och Helgor<\/strong><br \/>\nFood Studio grundare (men f\u00f6rst och fr\u00e4mst \u00e4r vi kockar!)<\/p>\n<p>Vi g\u00f6r s\u00e5ser och buljonger som du inte har tid att g\u00f6ra, och om vi ska vara \u00e4rliga, upplevelsen. Och det \u00e4r okej. V\u00e4rlden skulle inte vara en b\u00e4ttre plats om alla lagade mat hela dagen.<\/p>\n<p>&nbsp;<\/p>\n        <\/div>\n        <div class=\"col-lg-6 col-12 fade-in right bg\" style=\"background-image:url(https:\/\/foodstudio.eu\/se\/wp-content\/uploads\/sites\/12\/2020\/10\/meist_pilt.jpg);\"><\/div>\n    <\/div>\n<\/div>\n\n\n<div id=\"fs-3-column-block-block_5f9679ba8990a\" class=\"fs-3-column-block equal\">\n    <div class=\"container text\">\n        <div class=\"row fade-in\">\n            <div class=\"col-lg-4 col-12 first\">\n                <p>Vi har finslipat v\u00e5ra kunskaper i flera \u00e5r och kan d\u00e4rf\u00f6r leverera fantastiska buljonger till dig. <\/p>\n            <\/div>\n            <div class=\"col-lg-4 col-12 sec\">\n                <p>Inget recept \u00e4r klart f\u00f6rr\u00e4n v\u00e5ra \u00f6gon m\u00f6ts i k\u00f6ket och vi mumlar och nickar n\u00f6jt. F\u00f6rst d\u00e5 skickar vi dem till butikerna s\u00e5 att du ocks\u00e5 kan njuta av v\u00e5ra benbuljonger.<\/p>\n            <\/div>\n            <div class=\"col-lg-4 col-12 third\">\n                <p> Att g\u00f6ra god mat tar inte timmar. Det tar \u00e5r. Smaklig m\u00e5ltid!<\/p>\n            <\/div>\n        <\/div>\n    <\/div>\n<\/div>\n\n\n<div id=\"creating-steps-block-block_5f968be2911c4\" class=\"creating-steps-block left\">\n    <div class=\"container\">\n        <div class=\"row\">\n            <div class=\"col-lg-6 col-12 side_img d-flex justify-content-center align-items-center\">\n                                    <img class=\"absolute_img dp\" src=\"https:\/\/foodstudio.eu\/se\/wp-content\/uploads\/sites\/12\/2020\/10\/shutterstock_585424613_yrt-copy.png\" alt=\"Absolute Image\" style=\"left: -10%; top: 30%; z-index: -1; width: 208px;\">\n                                                    <img class=\"absolute_img_mob mob\" src=\"https:\/\/foodstudio.eu\/se\/wp-content\/uploads\/sites\/12\/2020\/10\/shutterstock_585424613-copy-3.png\" alt=\"Absolute Image\">\n                                                    <img class=\"product_img fade-in\" src=\"https:\/\/foodstudio.eu\/se\/wp-content\/uploads\/sites\/12\/2024\/11\/FoodStudio_2024_mockup_PULJONG_350g_otsevaade_kana_mahe_SWE.png\" alt=\"Product Image\">\n                            <\/div>\n            <div class=\"col-lg-6 col-12 dp_layout steps flex-column justify-content-center align-items-center\">\n                <h1 class=\"title\">BULJONGBEREDNING<\/h1>                                            <div class=\"row flex-wrap\">\n                                                            <div class=\"col-4 step d-flex justify-content-center flex-column\">\n                                    <p>V\u00e4ljer ingredienser<br \/>\nefter v\u00e5ra<br \/>\nstandarder<\/p>\n                                    <div class=\"btn_arrow\">\n                                        <i class=\"arrow\"><\/i>\n                                        <div class=\"arrow_body\"><\/div>\n                                    <\/div>\n                                <\/div>\n                                                            <div class=\"col-4 step d-flex justify-content-center flex-column\">\n                                    <p style=\"text-align: center;\">Ingrediensernas<br \/>\nkvalit\u00e9<br \/>\nkontrolleras<\/p>\n                                    <div class=\"btn_arrow\">\n                                        <i class=\"arrow\"><\/i>\n                                        <div class=\"arrow_body\"><\/div>\n                                    <\/div>\n                                <\/div>\n                                                            <div class=\"col-4 step d-flex justify-content-center flex-column\">\n                                    <p style=\"text-align: right;\">Ugnsrostar<br \/>\nben och<br \/>\ngr\u00f6nsaker<\/p>\n                                    <div class=\"btn_arrow\">\n                                        <i class=\"arrow\"><\/i>\n                                        <div class=\"arrow_body\"><\/div>\n                                    <\/div>\n                                <\/div>\n                                                            <div class=\"col-4 step d-flex justify-content-center flex-column\">\n                                    <p><strong>Smaklig m\u00e5ltid!<\/strong><\/p>\n                                    <div class=\"btn_arrow\">\n                                        <i class=\"arrow\"><\/i>\n                                        <div class=\"arrow_body\"><\/div>\n                                    <\/div>\n                                <\/div>\n                                                            <div class=\"col-4 step d-flex justify-content-center flex-column\">\n                                    <p><img loading=\"lazy\" width=\"250\" height=\"204\" class=\"alignnone size-medium wp-image-845\" src=\"https:\/\/foodstudio.eu\/se\/tooted\/wp-content\/uploads\/sites\/2\/2020\/10\/foodstudio_123_3a-copy-250x204.jpg\" alt=\"\" srcset=\"https:\/\/foodstudio.eu\/se\/wp-content\/uploads\/sites\/12\/2020\/10\/foodstudio_123_3a-copy-250x204.jpg 250w, https:\/\/foodstudio.eu\/se\/wp-content\/uploads\/sites\/12\/2020\/10\/foodstudio_123_3a-copy-120x98.jpg 120w, https:\/\/foodstudio.eu\/se\/wp-content\/uploads\/sites\/12\/2020\/10\/foodstudio_123_3a-copy.jpg 324w\" sizes=\"(max-width: 250px) 100vw, 250px\" \/><\/p>\n                                    <div class=\"btn_arrow\">\n                                        <i class=\"arrow\"><\/i>\n                                        <div class=\"arrow_body\"><\/div>\n                                    <\/div>\n                                <\/div>\n                                                            <div class=\"col-4 step d-flex justify-content-center flex-column\">\n                                    <p style=\"text-align: right;\">Adderar<br \/>\nkallt<br \/>\nvatten<\/p>\n                                    <div class=\"btn_arrow\">\n                                        <i class=\"arrow\"><\/i>\n                                        <div class=\"arrow_body\"><\/div>\n                                    <\/div>\n                                <\/div>\n                                                            <div class=\"col-4 step d-flex justify-content-center flex-column\">\n                                    <p style=\"text-align: left;\">Paketering och<br \/>\nsnabb nedkylning<br \/>\n(max 2 timmar)<\/p>\n                                    <div class=\"btn_arrow\">\n                                        <i class=\"arrow\"><\/i>\n                                        <div class=\"arrow_body\"><\/div>\n                                    <\/div>\n                                <\/div>\n                                                            <div class=\"col-4 step d-flex justify-content-center flex-column\">\n                                    <p style=\"text-align: center;\">Sila<\/p>\n                                    <div class=\"btn_arrow\">\n                                        <i class=\"arrow\"><\/i>\n                                        <div class=\"arrow_body\"><\/div>\n                                    <\/div>\n                                <\/div>\n                                                            <div class=\"col-4 step d-flex justify-content-center flex-column\">\n                                    <p style=\"text-align: right;\">Koka<br \/>\n(med k\u00e4rlek)<br \/>\nI 12 timmar<\/p>\n                                    <div class=\"btn_arrow\">\n                                        <i class=\"arrow\"><\/i>\n                                        <div class=\"arrow_body\"><\/div>\n                                    <\/div>\n                                <\/div>\n                                                    <\/div>\n                                    <\/div>\n            <\/div>\n            <div class=\"col-lg-6 col-12 mob_layout steps flex-column justify-content-center align-items-center\">\n                <h1 class=\"title\">BULJONGBEREDNING<\/h1>                                            <div class=\"row flex-wrap\">\n                                                            <div class=\"col-6 step d-flex justify-content-center flex-column\">\n                                    <p>V\u00e4ljer ingredienser<br \/>\nefter v\u00e5ra<br \/>\nstandarder<\/p>\n                                    <div class=\"btn_arrow\">\n                                        <i class=\"arrow\"><\/i>\n                                        <div class=\"arrow_body\"><\/div>\n                                    <\/div>\n                                <\/div>\n                                                            <div class=\"col-6 step d-flex justify-content-center flex-column\">\n                                    <p style=\"text-align: center;\">Ingrediensernas<br \/>\nkvalit\u00e9<br \/>\nkontrolleras<\/p>\n                                    <div class=\"btn_arrow\">\n                                        <i class=\"arrow\"><\/i>\n                                        <div class=\"arrow_body\"><\/div>\n                                    <\/div>\n                                <\/div>\n                                                            <div class=\"col-6 step d-flex justify-content-center flex-column\">\n                                    <p style=\"text-align: right;\">Ugnsrostar<br \/>\nben och<br \/>\ngr\u00f6nsaker<\/p>\n                                    <div class=\"btn_arrow\">\n                                        <i class=\"arrow\"><\/i>\n                                        <div class=\"arrow_body\"><\/div>\n                                    <\/div>\n                                <\/div>\n                                                            <div class=\"col-6 step d-flex justify-content-center flex-column\">\n                                    <p><strong>Smaklig m\u00e5ltid!<\/strong><\/p>\n                                    <div class=\"btn_arrow\">\n                                        <i class=\"arrow\"><\/i>\n                                        <div class=\"arrow_body\"><\/div>\n                                    <\/div>\n                                <\/div>\n                                                            <div class=\"col-6 step d-flex justify-content-center flex-column\">\n                                    <p><img loading=\"lazy\" width=\"250\" height=\"204\" class=\"alignnone size-medium wp-image-845\" src=\"https:\/\/foodstudio.eu\/se\/tooted\/wp-content\/uploads\/sites\/2\/2020\/10\/foodstudio_123_3a-copy-250x204.jpg\" alt=\"\" srcset=\"https:\/\/foodstudio.eu\/se\/wp-content\/uploads\/sites\/12\/2020\/10\/foodstudio_123_3a-copy-250x204.jpg 250w, https:\/\/foodstudio.eu\/se\/wp-content\/uploads\/sites\/12\/2020\/10\/foodstudio_123_3a-copy-120x98.jpg 120w, https:\/\/foodstudio.eu\/se\/wp-content\/uploads\/sites\/12\/2020\/10\/foodstudio_123_3a-copy.jpg 324w\" sizes=\"(max-width: 250px) 100vw, 250px\" \/><\/p>\n                                    <div class=\"btn_arrow\">\n                                        <i class=\"arrow\"><\/i>\n                                        <div class=\"arrow_body\"><\/div>\n                                    <\/div>\n                                <\/div>\n                                                            <div class=\"col-6 step d-flex justify-content-center flex-column\">\n                                    <p style=\"text-align: right;\">Adderar<br \/>\nkallt<br \/>\nvatten<\/p>\n                                    <div class=\"btn_arrow\">\n                                        <i class=\"arrow\"><\/i>\n                                        <div class=\"arrow_body\"><\/div>\n                                    <\/div>\n                                <\/div>\n                                                            <div class=\"col-6 step d-flex justify-content-center flex-column\">\n                                    <p style=\"text-align: left;\">Paketering och<br \/>\nsnabb nedkylning<br \/>\n(max 2 timmar)<\/p>\n                                    <div class=\"btn_arrow\">\n                                        <i class=\"arrow\"><\/i>\n                                        <div class=\"arrow_body\"><\/div>\n                                    <\/div>\n                                <\/div>\n                                                            <div class=\"col-6 step d-flex justify-content-center flex-column\">\n                                    <p style=\"text-align: center;\">Sila<\/p>\n                                    <div class=\"btn_arrow\">\n                                        <i class=\"arrow\"><\/i>\n                                        <div class=\"arrow_body\"><\/div>\n                                    <\/div>\n                                <\/div>\n                                                            <div class=\"col-6 step d-flex justify-content-center flex-column\">\n                                    <p style=\"text-align: right;\">Koka<br \/>\n(med k\u00e4rlek)<br \/>\nI 12 timmar<\/p>\n                                    <div class=\"btn_arrow\">\n                                        <i class=\"arrow\"><\/i>\n                                        <div class=\"arrow_body\"><\/div>\n                                    <\/div>\n                                <\/div>\n                                                    <\/div>\n                                    <\/div>\n            <\/div>\n        <\/div>\n    <\/div>\n<\/div>","protected":false},"excerpt":{"rendered":"","protected":false},"author":1,"featured_media":0,"parent":0,"menu_order":0,"comment_status":"closed","ping_status":"closed","template":"","meta":{"advgb_blocks_editor_width":"","advgb_blocks_columns_visual_guide":""},"acf":[],"yoast_head":"<!-- This site is optimized with the Yoast SEO plugin v18.4.1 - https:\/\/yoast.com\/wordpress\/plugins\/seo\/ -->\n<title>V\u00e5r historia - Foodstudio Sweden<\/title>\n<meta name=\"robots\" content=\"index, follow, max-snippet:-1, max-image-preview:large, max-video-preview:-1\" \/>\n<link rel=\"canonical\" href=\"https:\/\/foodstudio.eu\/se\/var-historia\/\" \/>\n<meta property=\"og:locale\" content=\"sv_SE\" \/>\n<meta property=\"og:type\" content=\"article\" \/>\n<meta property=\"og:title\" content=\"V\u00e5r historia - Foodstudio Sweden\" \/>\n<meta property=\"og:url\" content=\"https:\/\/foodstudio.eu\/se\/var-historia\/\" \/>\n<meta property=\"og:site_name\" content=\"Foodstudio Sweden\" \/>\n<meta property=\"article:modified_time\" content=\"2024-11-27T09:28:06+00:00\" \/>\n<meta name=\"twitter:card\" content=\"summary_large_image\" \/>\n<script type=\"application\/ld+json\" class=\"yoast-schema-graph\">{\"@context\":\"https:\/\/schema.org\",\"@graph\":[{\"@type\":\"WebSite\",\"@id\":\"https:\/\/foodstudio.eu\/se\/#website\",\"url\":\"https:\/\/foodstudio.eu\/se\/\",\"name\":\"Foodstudio Sweden\",\"description\":\"\",\"potentialAction\":[{\"@type\":\"SearchAction\",\"target\":{\"@type\":\"EntryPoint\",\"urlTemplate\":\"https:\/\/foodstudio.eu\/se\/?s={search_term_string}\"},\"query-input\":\"required name=search_term_string\"}],\"inLanguage\":\"sv-SE\"},{\"@type\":\"WebPage\",\"@id\":\"https:\/\/foodstudio.eu\/se\/var-historia\/#webpage\",\"url\":\"https:\/\/foodstudio.eu\/se\/var-historia\/\",\"name\":\"V\u00e5r historia - Foodstudio Sweden\",\"isPartOf\":{\"@id\":\"https:\/\/foodstudio.eu\/se\/#website\"},\"datePublished\":\"2020-11-18T07:22:00+00:00\",\"dateModified\":\"2024-11-27T09:28:06+00:00\",\"breadcrumb\":{\"@id\":\"https:\/\/foodstudio.eu\/se\/var-historia\/#breadcrumb\"},\"inLanguage\":\"sv-SE\",\"potentialAction\":[{\"@type\":\"ReadAction\",\"target\":[\"https:\/\/foodstudio.eu\/se\/var-historia\/\"]}]},{\"@type\":\"BreadcrumbList\",\"@id\":\"https:\/\/foodstudio.eu\/se\/var-historia\/#breadcrumb\",\"itemListElement\":[{\"@type\":\"ListItem\",\"position\":1,\"name\":\"Home\",\"item\":\"https:\/\/foodstudio.eu\/se\/\"},{\"@type\":\"ListItem\",\"position\":2,\"name\":\"V\u00e5r historia\"}]}]}<\/script>\n<!-- \/ Yoast SEO plugin. -->","yoast_head_json":{"title":"V\u00e5r historia - Foodstudio Sweden","robots":{"index":"index","follow":"follow","max-snippet":"max-snippet:-1","max-image-preview":"max-image-preview:large","max-video-preview":"max-video-preview:-1"},"canonical":"https:\/\/foodstudio.eu\/se\/var-historia\/","og_locale":"sv_SE","og_type":"article","og_title":"V\u00e5r historia - Foodstudio Sweden","og_url":"https:\/\/foodstudio.eu\/se\/var-historia\/","og_site_name":"Foodstudio Sweden","article_modified_time":"2024-11-27T09:28:06+00:00","twitter_card":"summary_large_image","schema":{"@context":"https:\/\/schema.org","@graph":[{"@type":"WebSite","@id":"https:\/\/foodstudio.eu\/se\/#website","url":"https:\/\/foodstudio.eu\/se\/","name":"Foodstudio Sweden","description":"","potentialAction":[{"@type":"SearchAction","target":{"@type":"EntryPoint","urlTemplate":"https:\/\/foodstudio.eu\/se\/?s={search_term_string}"},"query-input":"required name=search_term_string"}],"inLanguage":"sv-SE"},{"@type":"WebPage","@id":"https:\/\/foodstudio.eu\/se\/var-historia\/#webpage","url":"https:\/\/foodstudio.eu\/se\/var-historia\/","name":"V\u00e5r historia - Foodstudio Sweden","isPartOf":{"@id":"https:\/\/foodstudio.eu\/se\/#website"},"datePublished":"2020-11-18T07:22:00+00:00","dateModified":"2024-11-27T09:28:06+00:00","breadcrumb":{"@id":"https:\/\/foodstudio.eu\/se\/var-historia\/#breadcrumb"},"inLanguage":"sv-SE","potentialAction":[{"@type":"ReadAction","target":["https:\/\/foodstudio.eu\/se\/var-historia\/"]}]},{"@type":"BreadcrumbList","@id":"https:\/\/foodstudio.eu\/se\/var-historia\/#breadcrumb","itemListElement":[{"@type":"ListItem","position":1,"name":"Home","item":"https:\/\/foodstudio.eu\/se\/"},{"@type":"ListItem","position":2,"name":"V\u00e5r historia"}]}]}},"coauthors":[],"author_meta":{"author_link":"https:\/\/foodstudio.eu\/se\/author\/reaktiiv-fo\/","display_name":"reaktiiv-fo"},"relative_dates":{"created":"Posted 5 \u00e5r ago","modified":"Updated 1 \u00e5r ago"},"absolute_dates":{"created":"Posted on november 18, 2020","modified":"Updated on november 27, 2024"},"absolute_dates_time":{"created":"Posted on november 18, 2020 7:22 f m","modified":"Updated on november 27, 2024 9:28 f m"},"featured_img_caption":"","featured_img":false,"uagb_featured_image_src":{"full":false,"thumbnail":false,"medium":false,"medium_large":false,"large":false,"1536x1536":false,"2048x2048":false,"small":false,"custom-size":false,"recipes-small":false,"recipes-big":false},"uagb_author_info":{"display_name":"reaktiiv-fo","author_link":"https:\/\/foodstudio.eu\/se\/author\/reaktiiv-fo\/"},"uagb_comment_info":0,"uagb_excerpt":null,"_links":{"self":[{"href":"https:\/\/foodstudio.eu\/se\/wp-json\/wp\/v2\/pages\/2940"}],"collection":[{"href":"https:\/\/foodstudio.eu\/se\/wp-json\/wp\/v2\/pages"}],"about":[{"href":"https:\/\/foodstudio.eu\/se\/wp-json\/wp\/v2\/types\/page"}],"author":[{"embeddable":true,"href":"https:\/\/foodstudio.eu\/se\/wp-json\/wp\/v2\/users\/1"}],"replies":[{"embeddable":true,"href":"https:\/\/foodstudio.eu\/se\/wp-json\/wp\/v2\/comments?post=2940"}],"version-history":[{"count":11,"href":"https:\/\/foodstudio.eu\/se\/wp-json\/wp\/v2\/pages\/2940\/revisions"}],"predecessor-version":[{"id":3198,"href":"https:\/\/foodstudio.eu\/se\/wp-json\/wp\/v2\/pages\/2940\/revisions\/3198"}],"wp:attachment":[{"href":"https:\/\/foodstudio.eu\/se\/wp-json\/wp\/v2\/media?parent=2940"}],"curies":[{"name":"wp","href":"https:\/\/api.w.org\/{rel}","templated":true}]}}