{"id":2959,"date":"2020-10-19T08:49:44","date_gmt":"2020-10-19T08:49:44","guid":{"rendered":"https:\/\/foodstudio.eu\/se\/broth\/"},"modified":"2025-11-05T09:44:37","modified_gmt":"2025-11-05T09:44:37","slug":"buljonger","status":"publish","type":"page","link":"https:\/\/foodstudio.eu\/se\/buljonger\/","title":{"rendered":"Buljonger"},"content":{"rendered":"    <div id=\"single-featured-product-block-block_5f8d5aa9e3f06\" class=\"single-featured-product-block dp_layout\">\n        <div class=\"container\">\n            <div class=\"row\">\n                <div class=\"col-lg-6 col-12 bg d-flex flex-column align-items-start justify-content-center\" style=\"background-image: url(https:\/\/foodstudio.eu\/se\/wp-content\/uploads\/sites\/12\/2020\/10\/02.jpg);\">\n                    <div class=\"title\">\n                                                    <h1>BULJONG \u00c4R DEN VIKTIGASTE INGREDIENSEN I SOPPA<\/h1>\n                                                                            <div class=\"block_stamps dp\">\n                                                                    <img src=\"https:\/\/foodstudio.eu\/se\/wp-content\/uploads\/sites\/12\/2022\/04\/Group-37.svg\" alt=\"Stamp Icon\">\n                                                                    <img src=\"https:\/\/foodstudio.eu\/se\/wp-content\/uploads\/sites\/12\/2022\/04\/Group-29-1.svg\" alt=\"Stamp Icon\">\n                                                                    <img src=\"https:\/\/foodstudio.eu\/se\/wp-content\/uploads\/sites\/12\/2022\/04\/Group-33.svg\" alt=\"Stamp Icon\">\n                                                            <\/div>\n                                            <\/div>\n                                            <img class=\"featured_block_elem\" src=\"https:\/\/foodstudio.eu\/se\/wp-content\/uploads\/sites\/12\/2020\/10\/shutterstock_585424613_yrt.png\" alt=\"Featured Block Element\">\n                                    <\/div>\n                                                        <div class=\"featured_product_img\">\n                        <div class=\"fade-in\">\n                            <img src=\"https:\/\/foodstudio.eu\/se\/wp-content\/uploads\/sites\/12\/2024\/11\/FoodStudio_2024_mockup_PULJONG_350g_otsevaade_kana_mahe_SWE.png\" alt=\"Featured Product Img\">\n                            <div class=\"awards\">\n                                                            <\/div>\n                        <\/div>\n                    <\/div>\n                                                <div class=\"col-lg-6 col-12 d-flex flex-column align-items-start justify-content-center\">\n                                            <div class=\"block_text\">\n                            <p>Buljong \u00e4r den viktigaste ingrediensen i soppa. Har du god buljong f\u00e5r du god soppa!<\/p>\n<p>Och god buljong tar tid. Har du 12 timmar till \u00f6vers? Antagligen inte. Men vi kokar v\u00e5ra buljonger i 12 timmar. Bara f\u00f6r dig. H\u00e4ll den i din panna, tills\u00e4tt dina favoritingredienser och den \u00e4r klar. Du beh\u00f6ver inte ens tills\u00e4tta vatten.<\/p>\n                        <\/div>\n                                    <\/div>\n            <\/div>\n        <\/div>\n    <\/div>\n    <div id=\"single-featured-product-block-block_5f8d5aa9e3f06\" class=\"single-featured-product-block mob_layout\">\n        <div class=\"container\">\n            <div class=\"row first_height\">\n                <div class=\"col-lg-6 col-12 bg d-flex flex-column align-items-center\" style=\"background-image: url(https:\/\/foodstudio.eu\/se\/wp-content\/uploads\/sites\/12\/2020\/10\/02.jpg);\">\n                    <div class=\"title\">\n                                                    <h1>BULJONG \u00c4R DEN VIKTIGASTE INGREDIENSEN I SOPPA<\/h1>\n                                            <\/div>\n                                            <img class=\"featured_block_elem\" src=\"https:\/\/foodstudio.eu\/se\/wp-content\/uploads\/sites\/12\/2020\/11\/shuttexrstock_585424613_yrt-copy.png\" alt=\"Featured Block Element\">\n                                                                                        <div class=\"featured_product_img\">\n                            <div class=\"fade-in\">\n                                <img src=\"https:\/\/foodstudio.eu\/se\/wp-content\/uploads\/sites\/12\/2024\/11\/FoodStudio_2024_mockup_PULJONG_350g_otsevaade_kana_mahe_SWE.png\" alt=\"Featured Product Img\">\n                                <div class=\"awards d-flex flex-column\">\n                                                                    <\/div>\n                            <\/div>\n                        <\/div>\n                                    <\/div>\n                                    <div class=\"block_stamps d-flex align-items-end justify-content-center\">\n                                                    <img src=\"https:\/\/foodstudio.eu\/se\/wp-content\/uploads\/sites\/12\/2022\/04\/Group-37.svg\" alt=\"Stamp Icon\">\n                                                    <img src=\"https:\/\/foodstudio.eu\/se\/wp-content\/uploads\/sites\/12\/2022\/04\/Group-29-1.svg\" alt=\"Stamp Icon\">\n                                                    <img src=\"https:\/\/foodstudio.eu\/se\/wp-content\/uploads\/sites\/12\/2022\/04\/Group-33.svg\" alt=\"Stamp Icon\">\n                                            <\/div>\n                            <\/div>\n            <div class=\"row\">\n                <div class=\"col-12 d-flex flex-column align-items-start justify-content-center\">\n                                            <div class=\"block_text\">\n                            <p>Buljong \u00e4r den viktigaste ingrediensen i soppa. Har du god buljong f\u00e5r du god soppa!<\/p>\n<p>Och god buljong tar tid. Har du 12 timmar till \u00f6vers? Antagligen inte. Men vi kokar v\u00e5ra buljonger i 12 timmar. Bara f\u00f6r dig. H\u00e4ll den i din panna, tills\u00e4tt dina favoritingredienser och den \u00e4r klar. Du beh\u00f6ver inte ens tills\u00e4tta vatten.<\/p>\n                        <\/div>\n                                    <\/div>\n            <\/div>\n                    <\/div>\n    <\/div>\n\n\n    <div id=\"product-links-block-block_62f3818f6bea5\" class=\"product-links-block\">\n        <div class=\"container \">\n            <div class=\"row\">\n                <div class=\"title col-12 d-flex flex-column align-items-center\">\n                                            <h2 >BULJONG<\/h2>\n                                                                <p>350ml<\/p>\n                                    <\/div>\n            <\/div>\n            <div class=\"products row d-flex justify-content-center\">\n                                                        <div class=\"product d-flex flex-column align-items-center justify-content-start\">\n                        <a href=\"https:\/\/foodstudio.eu\/se\/product_category\/ekologisk-buljon\/#ekologisk-kycklingbuljong\" class=\"img-hover\">\n                            <div class=\"image\">\n                                <div class=\"image-wrapper\">\n                                    <img src=\"https:\/\/foodstudio.eu\/se\/wp-content\/uploads\/sites\/12\/2024\/11\/FoodStudio_2024_mockup_PULJONG_350g_otsevaade_kana_mahe_SWE.png\">\n                                                                    <\/div>\n                            <\/div>\n                        <\/a>\n                        <p><strong>Ekologisk Kycklingbuljong<\/strong><\/p>\n                    <\/div>\n                                                        <div class=\"product d-flex flex-column align-items-center justify-content-start\">\n                        <a href=\"https:\/\/foodstudio.eu\/se\/product_category\/ekologisk-buljon\/#ekologisk-biffbuljong\" class=\"img-hover\">\n                            <div class=\"image\">\n                                <div class=\"image-wrapper\">\n                                    <img src=\"https:\/\/foodstudio.eu\/se\/wp-content\/uploads\/sites\/12\/2020\/10\/FoodStudio_2024_mockup_PULJONG_350g_otsevaade_veis_mahe_SWE.png\">\n                                                                    <\/div>\n                            <\/div>\n                        <\/a>\n                        <p><strong>Ekologisk Biffbuljong<\/strong><\/p>\n                    <\/div>\n                                                        <div class=\"product d-flex flex-column align-items-center justify-content-start\">\n                        <a href=\"https:\/\/foodstudio.eu\/se\/product_category\/buljon\/#viltbenbuljong\" class=\"img-hover\">\n                            <div class=\"image\">\n                                <div class=\"image-wrapper\">\n                                    <img src=\"https:\/\/foodstudio.eu\/se\/wp-content\/uploads\/sites\/12\/2022\/08\/FoodStudio_2024_mockup_PULJONG_350g_otsevaade_poder_SWE.png\">\n                                                                    <\/div>\n                            <\/div>\n                        <\/a>\n                        <p><strong>Viltbenbuljong<\/strong><\/p>\n                    <\/div>\n                                                        <div class=\"product d-flex flex-column align-items-center justify-content-start\">\n                        <a href=\"https:\/\/foodstudio.eu\/se\/product_category\/buljon\/#ramenbuljong\" class=\"img-hover\">\n                            <div class=\"image\">\n                                <div class=\"image-wrapper\">\n                                    <img src=\"https:\/\/foodstudio.eu\/se\/wp-content\/uploads\/sites\/12\/2023\/06\/FoodStudio_2024_mockup_PULJONG_350g_otsevaade_ramen_SWE.png\">\n                                                                    <\/div>\n                            <\/div>\n                        <\/a>\n                        <p><strong>Ramenbuljong<\/strong><\/p>\n                    <\/div>\n                                                        <div class=\"product d-flex flex-column align-items-center justify-content-start\">\n                        <a href=\"https:\/\/foodstudio.eu\/se\/product_category\/buljon\/#pho-kyckling-benbuljong\" class=\"img-hover\">\n                            <div class=\"image\">\n                                <div class=\"image-wrapper\">\n                                    <img src=\"https:\/\/foodstudio.eu\/se\/wp-content\/uploads\/sites\/12\/2025\/11\/FoodStudio_2025_mockup_PULJONG_350g_PHO_SWE.png\">\n                                                                    <\/div>\n                            <\/div>\n                        <\/a>\n                        <p><strong>Pho Kyckling Benbuljong<\/strong><\/p>\n                    <\/div>\n                 \n            <\/div>\n        <\/div>\n    <\/div>\n","protected":false},"excerpt":{"rendered":"","protected":false},"author":1,"featured_media":2773,"parent":0,"menu_order":0,"comment_status":"closed","ping_status":"closed","template":"page-templates\/template-products.php","meta":{"advgb_blocks_editor_width":"","advgb_blocks_columns_visual_guide":""},"acf":[],"yoast_head":"<!-- This site is optimized with the Yoast SEO plugin v18.4.1 - https:\/\/yoast.com\/wordpress\/plugins\/seo\/ -->\n<title>Buljonger - Foodstudio Sweden<\/title>\n<meta name=\"robots\" content=\"index, follow, max-snippet:-1, max-image-preview:large, max-video-preview:-1\" \/>\n<link rel=\"canonical\" href=\"https:\/\/foodstudio.eu\/se\/buljonger\/\" \/>\n<meta property=\"og:locale\" content=\"sv_SE\" \/>\n<meta property=\"og:type\" content=\"article\" \/>\n<meta property=\"og:title\" content=\"Buljonger - Foodstudio Sweden\" \/>\n<meta property=\"og:url\" content=\"https:\/\/foodstudio.eu\/se\/buljonger\/\" \/>\n<meta property=\"og:site_name\" content=\"Foodstudio Sweden\" \/>\n<meta property=\"article:modified_time\" content=\"2025-11-05T09:44:37+00:00\" \/>\n<meta property=\"og:image\" content=\"https:\/\/foodstudio.eu\/se\/wp-content\/uploads\/sites\/12\/2021\/04\/foodstudio_chicken_broth_350ml-1.png\" \/>\n\t<meta property=\"og:image:width\" content=\"792\" \/>\n\t<meta property=\"og:image:height\" content=\"1069\" \/>\n\t<meta property=\"og:image:type\" content=\"image\/png\" \/>\n<meta name=\"twitter:card\" content=\"summary_large_image\" \/>\n<script type=\"application\/ld+json\" class=\"yoast-schema-graph\">{\"@context\":\"https:\/\/schema.org\",\"@graph\":[{\"@type\":\"WebSite\",\"@id\":\"https:\/\/foodstudio.eu\/se\/#website\",\"url\":\"https:\/\/foodstudio.eu\/se\/\",\"name\":\"Foodstudio Sweden\",\"description\":\"\",\"potentialAction\":[{\"@type\":\"SearchAction\",\"target\":{\"@type\":\"EntryPoint\",\"urlTemplate\":\"https:\/\/foodstudio.eu\/se\/?s={search_term_string}\"},\"query-input\":\"required name=search_term_string\"}],\"inLanguage\":\"sv-SE\"},{\"@type\":\"ImageObject\",\"@id\":\"https:\/\/foodstudio.eu\/se\/buljonger\/#primaryimage\",\"inLanguage\":\"sv-SE\",\"url\":\"https:\/\/foodstudio.eu\/se\/wp-content\/uploads\/sites\/12\/2021\/04\/foodstudio_chicken_broth_350ml-1.png\",\"contentUrl\":\"https:\/\/foodstudio.eu\/se\/wp-content\/uploads\/sites\/12\/2021\/04\/foodstudio_chicken_broth_350ml-1.png\",\"width\":792,\"height\":1069},{\"@type\":\"WebPage\",\"@id\":\"https:\/\/foodstudio.eu\/se\/buljonger\/#webpage\",\"url\":\"https:\/\/foodstudio.eu\/se\/buljonger\/\",\"name\":\"Buljonger - Foodstudio Sweden\",\"isPartOf\":{\"@id\":\"https:\/\/foodstudio.eu\/se\/#website\"},\"primaryImageOfPage\":{\"@id\":\"https:\/\/foodstudio.eu\/se\/buljonger\/#primaryimage\"},\"datePublished\":\"2020-10-19T08:49:44+00:00\",\"dateModified\":\"2025-11-05T09:44:37+00:00\",\"breadcrumb\":{\"@id\":\"https:\/\/foodstudio.eu\/se\/buljonger\/#breadcrumb\"},\"inLanguage\":\"sv-SE\",\"potentialAction\":[{\"@type\":\"ReadAction\",\"target\":[\"https:\/\/foodstudio.eu\/se\/buljonger\/\"]}]},{\"@type\":\"BreadcrumbList\",\"@id\":\"https:\/\/foodstudio.eu\/se\/buljonger\/#breadcrumb\",\"itemListElement\":[{\"@type\":\"ListItem\",\"position\":1,\"name\":\"Home\",\"item\":\"https:\/\/foodstudio.eu\/se\/\"},{\"@type\":\"ListItem\",\"position\":2,\"name\":\"Buljonger\"}]}]}<\/script>\n<!-- \/ Yoast SEO plugin. -->","yoast_head_json":{"title":"Buljonger - Foodstudio Sweden","robots":{"index":"index","follow":"follow","max-snippet":"max-snippet:-1","max-image-preview":"max-image-preview:large","max-video-preview":"max-video-preview:-1"},"canonical":"https:\/\/foodstudio.eu\/se\/buljonger\/","og_locale":"sv_SE","og_type":"article","og_title":"Buljonger - Foodstudio Sweden","og_url":"https:\/\/foodstudio.eu\/se\/buljonger\/","og_site_name":"Foodstudio Sweden","article_modified_time":"2025-11-05T09:44:37+00:00","og_image":[{"width":792,"height":1069,"url":"https:\/\/foodstudio.eu\/se\/wp-content\/uploads\/sites\/12\/2021\/04\/foodstudio_chicken_broth_350ml-1.png","type":"image\/png"}],"twitter_card":"summary_large_image","schema":{"@context":"https:\/\/schema.org","@graph":[{"@type":"WebSite","@id":"https:\/\/foodstudio.eu\/se\/#website","url":"https:\/\/foodstudio.eu\/se\/","name":"Foodstudio Sweden","description":"","potentialAction":[{"@type":"SearchAction","target":{"@type":"EntryPoint","urlTemplate":"https:\/\/foodstudio.eu\/se\/?s={search_term_string}"},"query-input":"required name=search_term_string"}],"inLanguage":"sv-SE"},{"@type":"ImageObject","@id":"https:\/\/foodstudio.eu\/se\/buljonger\/#primaryimage","inLanguage":"sv-SE","url":"https:\/\/foodstudio.eu\/se\/wp-content\/uploads\/sites\/12\/2021\/04\/foodstudio_chicken_broth_350ml-1.png","contentUrl":"https:\/\/foodstudio.eu\/se\/wp-content\/uploads\/sites\/12\/2021\/04\/foodstudio_chicken_broth_350ml-1.png","width":792,"height":1069},{"@type":"WebPage","@id":"https:\/\/foodstudio.eu\/se\/buljonger\/#webpage","url":"https:\/\/foodstudio.eu\/se\/buljonger\/","name":"Buljonger - Foodstudio Sweden","isPartOf":{"@id":"https:\/\/foodstudio.eu\/se\/#website"},"primaryImageOfPage":{"@id":"https:\/\/foodstudio.eu\/se\/buljonger\/#primaryimage"},"datePublished":"2020-10-19T08:49:44+00:00","dateModified":"2025-11-05T09:44:37+00:00","breadcrumb":{"@id":"https:\/\/foodstudio.eu\/se\/buljonger\/#breadcrumb"},"inLanguage":"sv-SE","potentialAction":[{"@type":"ReadAction","target":["https:\/\/foodstudio.eu\/se\/buljonger\/"]}]},{"@type":"BreadcrumbList","@id":"https:\/\/foodstudio.eu\/se\/buljonger\/#breadcrumb","itemListElement":[{"@type":"ListItem","position":1,"name":"Home","item":"https:\/\/foodstudio.eu\/se\/"},{"@type":"ListItem","position":2,"name":"Buljonger"}]}]}},"coauthors":[],"author_meta":{"author_link":"https:\/\/foodstudio.eu\/se\/author\/reaktiiv-fo\/","display_name":"reaktiiv-fo"},"relative_dates":{"created":"Posted 6 \u00e5r ago","modified":"Updated 6 m\u00e5nader ago"},"absolute_dates":{"created":"Posted on oktober 19, 2020","modified":"Updated on november 5, 2025"},"absolute_dates_time":{"created":"Posted on oktober 19, 2020 8:49 f m","modified":"Updated on november 5, 2025 9:44 f m"},"featured_img_caption":"","featured_img":"https:\/\/foodstudio.eu\/se\/wp-content\/uploads\/sites\/12\/2021\/04\/foodstudio_chicken_broth_350ml-1.png","uagb_featured_image_src":{"full":["https:\/\/foodstudio.eu\/se\/wp-content\/uploads\/sites\/12\/2021\/04\/foodstudio_chicken_broth_350ml-1.png",792,1069,false],"thumbnail":["https:\/\/foodstudio.eu\/se\/wp-content\/uploads\/sites\/12\/2021\/04\/foodstudio_chicken_broth_350ml-1-150x150.png",150,150,true],"medium":["https:\/\/foodstudio.eu\/se\/wp-content\/uploads\/sites\/12\/2021\/04\/foodstudio_chicken_broth_350ml-1-250x337.png",223,300,true],"medium_large":["https:\/\/foodstudio.eu\/se\/wp-content\/uploads\/sites\/12\/2021\/04\/foodstudio_chicken_broth_350ml-1-768x1037.png",768,1037,true],"large":["https:\/\/foodstudio.eu\/se\/wp-content\/uploads\/sites\/12\/2021\/04\/foodstudio_chicken_broth_350ml-1-700x945.png",700,945,true],"1536x1536":["https:\/\/foodstudio.eu\/se\/wp-content\/uploads\/sites\/12\/2021\/04\/foodstudio_chicken_broth_350ml-1.png",792,1069,false],"2048x2048":["https:\/\/foodstudio.eu\/se\/wp-content\/uploads\/sites\/12\/2021\/04\/foodstudio_chicken_broth_350ml-1.png",792,1069,false],"small":["https:\/\/foodstudio.eu\/se\/wp-content\/uploads\/sites\/12\/2021\/04\/foodstudio_chicken_broth_350ml-1-120x162.png",120,162,true],"custom-size":["https:\/\/foodstudio.eu\/se\/wp-content\/uploads\/sites\/12\/2021\/04\/foodstudio_chicken_broth_350ml-1.png",792,1069,false],"recipes-small":["https:\/\/foodstudio.eu\/se\/wp-content\/uploads\/sites\/12\/2021\/04\/foodstudio_chicken_broth_350ml-1-400x540.png",400,540,true],"recipes-big":["https:\/\/foodstudio.eu\/se\/wp-content\/uploads\/sites\/12\/2021\/04\/foodstudio_chicken_broth_350ml-1-630x850.png",630,850,true]},"uagb_author_info":{"display_name":"reaktiiv-fo","author_link":"https:\/\/foodstudio.eu\/se\/author\/reaktiiv-fo\/"},"uagb_comment_info":0,"uagb_excerpt":null,"_links":{"self":[{"href":"https:\/\/foodstudio.eu\/se\/wp-json\/wp\/v2\/pages\/2959"}],"collection":[{"href":"https:\/\/foodstudio.eu\/se\/wp-json\/wp\/v2\/pages"}],"about":[{"href":"https:\/\/foodstudio.eu\/se\/wp-json\/wp\/v2\/types\/page"}],"author":[{"embeddable":true,"href":"https:\/\/foodstudio.eu\/se\/wp-json\/wp\/v2\/users\/1"}],"replies":[{"embeddable":true,"href":"https:\/\/foodstudio.eu\/se\/wp-json\/wp\/v2\/comments?post=2959"}],"version-history":[{"count":26,"href":"https:\/\/foodstudio.eu\/se\/wp-json\/wp\/v2\/pages\/2959\/revisions"}],"predecessor-version":[{"id":3277,"href":"https:\/\/foodstudio.eu\/se\/wp-json\/wp\/v2\/pages\/2959\/revisions\/3277"}],"wp:featuredmedia":[{"embeddable":true,"href":"https:\/\/foodstudio.eu\/se\/wp-json\/wp\/v2\/media\/2773"}],"wp:attachment":[{"href":"https:\/\/foodstudio.eu\/se\/wp-json\/wp\/v2\/media?parent=2959"}],"curies":[{"name":"wp","href":"https:\/\/api.w.org\/{rel}","templated":true}]}}